{"id":3301,"date":"2025-11-04T13:55:41","date_gmt":"2025-11-04T13:55:41","guid":{"rendered":"https:\/\/brojacwine.com\/?page_id=3301"},"modified":"2025-11-04T13:59:10","modified_gmt":"2025-11-04T13:59:10","slug":"chateau-de-chainchon","status":"publish","type":"page","link":"https:\/\/brojacwine.com\/fr\/chateau-de-chainchon\/","title":{"rendered":"Ch\u00e2teau de Chainchon"},"content":{"rendered":"<div class=\"wp-block-uagb-container uagb-block-876f39a8 alignfull uagb-is-root-container\"><div class=\"uagb-container-inner-blocks-wrap\">\n<div class=\"wp-block-uagb-advanced-heading uagb-block-68c49968\"><h1 class=\"uagb-heading-text\">Ch\u00e2teau de Chainchon<\/h1><p class=\"uagb-desc-text\">AOP Castillon C\u00f4tes de Bordeaux<\/p><\/div>\n<\/div><\/div>\n\n\n\n<div class=\"wp-block-uagb-container uagb-block-1dd76bef alignfull uagb-is-root-container\"><div class=\"uagb-container-inner-blocks-wrap\">\n<div class=\"wp-block-uagb-container uagb-block-e4122eea\">\n<div class=\"wp-block-uagb-advanced-heading uagb-block-0b5c41d2\"><p class=\"uagb-desc-text\">Founded in 1846, Ch\u00e2teau de Chainchon has remained in the hands of the Er\u00e9su\u00e9 family for over a century and a half. Today, Patrick Er\u00e9su\u00e9 and his son Maxime manage this 18-hectare organic estate, located on the scenic hillsides of the Dordogne Valley.<\/p><\/div>\n<\/div>\n\n\n\n<div class=\"wp-block-uagb-container uagb-block-21afe94d\">\n<figure class=\"wp-block-image size-full\"><img fetchpriority=\"high\" decoding=\"async\" width=\"800\" height=\"533\" src=\"http:\/\/brojacwine.com\/wp-content\/uploads\/2025\/01\/0004_chateau-de-chainchon_artiste-associe_photographes_bordeaux_17102022-1.jpg\" alt=\"\" class=\"wp-image-3192\" srcset=\"https:\/\/brojacwine.com\/wp-content\/uploads\/2025\/01\/0004_chateau-de-chainchon_artiste-associe_photographes_bordeaux_17102022-1.jpg 800w, https:\/\/brojacwine.com\/wp-content\/uploads\/2025\/01\/0004_chateau-de-chainchon_artiste-associe_photographes_bordeaux_17102022-1-300x200.jpg 300w, https:\/\/brojacwine.com\/wp-content\/uploads\/2025\/01\/0004_chateau-de-chainchon_artiste-associe_photographes_bordeaux_17102022-1-768x512.jpg 768w, https:\/\/brojacwine.com\/wp-content\/uploads\/2025\/01\/0004_chateau-de-chainchon_artiste-associe_photographes_bordeaux_17102022-1-18x12.jpg 18w\" sizes=\"(max-width: 800px) 100vw, 800px\" \/><\/figure>\n<\/div>\n<\/div><\/div>\n\n\n\n<div class=\"wp-block-uagb-container uagb-block-9b8ac003 alignfull uagb-is-root-container\">\n<div class=\"wp-block-uagb-container uagb-block-c2144cbd\">\n<div class=\"wp-block-uagb-image uagb-block-3c2e1368 wp-block-uagb-image--layout-default wp-block-uagb-image--effect-static wp-block-uagb-image--align-none\"><figure class=\"wp-block-uagb-image__figure\"><img loading=\"lazy\" decoding=\"async\"  sizes=\"auto, (max-width: 480px) 150px\" src=\"https:\/\/www.chateau-chainchon.fr\/galerie\/img\/chainchon13.jpg\" alt=\"\" width=\"1000\" height=\"1000\" title=\"\" role=\"img\"\/><\/figure><\/div>\n<\/div>\n\n\n\n<div class=\"wp-block-uagb-container uagb-block-03ea61cf\">\n<div class=\"wp-block-uagb-advanced-heading uagb-block-45ca2294\"><p class=\"uagb-desc-text\">The 18th-century ch\u00e2teau overlooks a rich mosaic of clay-sandy and clay-limestone soils, ideal for producing wines that range from fresh and fruity to structured and age-worthy. Committed to sustainability and respect for nature, the estate has been certified organic (Ecocert) since 2010, ensuring that each cuv\u00e9e expresses the authenticity of its terroir and the character of the vintage.<\/p><\/div>\n<\/div>\n<\/div>\n\n\n\n<div class=\"wp-block-uagb-container uagb-block-4b3f7891 alignfull uagb-is-root-container\"><div class=\"uagb-container-inner-blocks-wrap\">\n<div class=\"wp-block-uagb-container uagb-block-313b04a2\">\n<div class=\"wp-block-uagb-info-box uagb-block-1489620e uagb-infobox__content-wrap  uagb-infobox-icon-above-title uagb-infobox-image-valign-top\"><div class=\"uagb-ifb-content\"><div class=\"uagb-ifb-image-content\"><img loading=\"lazy\" decoding=\"async\" src=\"http:\/\/brojacwine.com\/wp-content\/uploads\/2023\/05\/ecocert.jpeg\" alt=\"\" width=\"116\" height=\"71\"\/><\/div><div class=\"uagb-ifb-title-wrap\"><h5 class=\"uagb-ifb-title\">Certifi\u00e9 Biologique<\/h5><\/div><\/div><\/div>\n\n\n\n<div class=\"wp-block-uagb-info-box uagb-block-4922ecbb uagb-infobox__content-wrap  uagb-infobox-icon-above-title uagb-infobox-image-valign-top\"><div class=\"uagb-ifb-content\"><div class=\"uagb-ifb-image-content\"><img loading=\"lazy\" decoding=\"async\" src=\"http:\/\/brojacwine.com\/wp-content\/uploads\/2023\/03\/external-grape-leaves-icongeek26-outline-icongeek26.png\" alt=\"\" width=\"70\" height=\"70\"\/><\/div><div class=\"uagb-ifb-title-wrap\"><h5 class=\"uagb-ifb-title\">18 hectares of vineyards<\/h5><\/div><\/div><\/div>\n\n\n\n<div class=\"wp-block-uagb-info-box uagb-block-5ba1a811 uagb-infobox__content-wrap  uagb-infobox-icon-above-title uagb-infobox-image-valign-top\"><div class=\"uagb-ifb-content\"><div class=\"uagb-ifb-image-content\"><img loading=\"lazy\" decoding=\"async\" src=\"http:\/\/brojacwine.com\/wp-content\/uploads\/2023\/03\/grape.png\" alt=\"\" width=\"70\" height=\"70\"\/><\/div><div class=\"uagb-ifb-title-wrap\"><h5 class=\"uagb-ifb-title\">Merlot, Cabernet Franc<\/h5><\/div><\/div><\/div>\n<\/div>\n<\/div><\/div>\n\n\n\n<div class=\"wp-block-uagb-container uagb-block-b282901a\">\n<div class=\"wp-block-columns is-layout-flex wp-container-core-columns-is-layout-28f84493 wp-block-columns-is-layout-flex\">\n<div class=\"wp-block-column is-layout-flow wp-block-column-is-layout-flow\">\n<figure class=\"wp-block-image size-large\"><img decoding=\"async\" width=\"724\" height=\"1024\" src=\"http:\/\/brojacwine.com\/wp-content\/uploads\/2025\/11\/Chateau-de-Chainchon-Rose-724x1024.png\" alt=\"\" class=\"wp-image-3312\" srcset=\"https:\/\/brojacwine.com\/wp-content\/uploads\/2025\/11\/Chateau-de-Chainchon-Rose-724x1024.png 724w, https:\/\/brojacwine.com\/wp-content\/uploads\/2025\/11\/Chateau-de-Chainchon-Rose-212x300.png 212w, https:\/\/brojacwine.com\/wp-content\/uploads\/2025\/11\/Chateau-de-Chainchon-Rose-768x1086.png 768w, https:\/\/brojacwine.com\/wp-content\/uploads\/2025\/11\/Chateau-de-Chainchon-Rose-1086x1536.png 1086w, https:\/\/brojacwine.com\/wp-content\/uploads\/2025\/11\/Chateau-de-Chainchon-Rose-8x12.png 8w, https:\/\/brojacwine.com\/wp-content\/uploads\/2025\/11\/Chateau-de-Chainchon-Rose-500x707.png 500w, https:\/\/brojacwine.com\/wp-content\/uploads\/2025\/11\/Chateau-de-Chainchon-Rose-800x1132.png 800w, https:\/\/brojacwine.com\/wp-content\/uploads\/2025\/11\/Chateau-de-Chainchon-Rose-1280x1810.png 1280w, https:\/\/brojacwine.com\/wp-content\/uploads\/2025\/11\/Chateau-de-Chainchon-Rose.png 1414w\" sizes=\"(max-width: 724px) 100vw, 724px\" \/><\/figure>\n\n\n\n<p class=\"has-text-align-center\"><strong>Ros\u00e9<\/strong><br>Bordeaux<\/p>\n<\/div>\n\n\n\n<div class=\"wp-block-column is-layout-flow wp-block-column-is-layout-flow\">\n<figure class=\"wp-block-image size-large\"><img decoding=\"async\" width=\"724\" height=\"1024\" src=\"http:\/\/brojacwine.com\/wp-content\/uploads\/2025\/11\/Chateau-de-Chainchon-La-Terrasse-724x1024.png\" alt=\"\" class=\"wp-image-3307\" srcset=\"https:\/\/brojacwine.com\/wp-content\/uploads\/2025\/11\/Chateau-de-Chainchon-La-Terrasse-724x1024.png 724w, https:\/\/brojacwine.com\/wp-content\/uploads\/2025\/11\/Chateau-de-Chainchon-La-Terrasse-212x300.png 212w, https:\/\/brojacwine.com\/wp-content\/uploads\/2025\/11\/Chateau-de-Chainchon-La-Terrasse-768x1086.png 768w, https:\/\/brojacwine.com\/wp-content\/uploads\/2025\/11\/Chateau-de-Chainchon-La-Terrasse-1086x1536.png 1086w, https:\/\/brojacwine.com\/wp-content\/uploads\/2025\/11\/Chateau-de-Chainchon-La-Terrasse-8x12.png 8w, https:\/\/brojacwine.com\/wp-content\/uploads\/2025\/11\/Chateau-de-Chainchon-La-Terrasse-500x707.png 500w, https:\/\/brojacwine.com\/wp-content\/uploads\/2025\/11\/Chateau-de-Chainchon-La-Terrasse-800x1132.png 800w, https:\/\/brojacwine.com\/wp-content\/uploads\/2025\/11\/Chateau-de-Chainchon-La-Terrasse-1280x1810.png 1280w, https:\/\/brojacwine.com\/wp-content\/uploads\/2025\/11\/Chateau-de-Chainchon-La-Terrasse.png 1414w\" sizes=\"(max-width: 724px) 100vw, 724px\" \/><\/figure>\n\n\n\n<p class=\"has-text-align-center\"><strong>The Natural Circus<br><\/strong>Bordeaux<\/p>\n<\/div>\n\n\n\n<div class=\"wp-block-column is-layout-flow wp-block-column-is-layout-flow\">\n<figure class=\"wp-block-image size-large\"><img loading=\"lazy\" decoding=\"async\" width=\"724\" height=\"1024\" src=\"http:\/\/brojacwine.com\/wp-content\/uploads\/2025\/11\/Chateau-de-Chainchon-La-Terrasse-1-724x1024.png\" alt=\"\" class=\"wp-image-3313\" srcset=\"https:\/\/brojacwine.com\/wp-content\/uploads\/2025\/11\/Chateau-de-Chainchon-La-Terrasse-1-724x1024.png 724w, https:\/\/brojacwine.com\/wp-content\/uploads\/2025\/11\/Chateau-de-Chainchon-La-Terrasse-1-212x300.png 212w, https:\/\/brojacwine.com\/wp-content\/uploads\/2025\/11\/Chateau-de-Chainchon-La-Terrasse-1-768x1086.png 768w, https:\/\/brojacwine.com\/wp-content\/uploads\/2025\/11\/Chateau-de-Chainchon-La-Terrasse-1-1086x1536.png 1086w, https:\/\/brojacwine.com\/wp-content\/uploads\/2025\/11\/Chateau-de-Chainchon-La-Terrasse-1-8x12.png 8w, https:\/\/brojacwine.com\/wp-content\/uploads\/2025\/11\/Chateau-de-Chainchon-La-Terrasse-1-500x707.png 500w, https:\/\/brojacwine.com\/wp-content\/uploads\/2025\/11\/Chateau-de-Chainchon-La-Terrasse-1-800x1132.png 800w, https:\/\/brojacwine.com\/wp-content\/uploads\/2025\/11\/Chateau-de-Chainchon-La-Terrasse-1-1280x1810.png 1280w, https:\/\/brojacwine.com\/wp-content\/uploads\/2025\/11\/Chateau-de-Chainchon-La-Terrasse-1.png 1414w\" sizes=\"(max-width: 724px) 100vw, 724px\" \/><\/figure>\n\n\n\n<p class=\"has-text-align-center\"><strong>La Terrasse<br><\/strong>Castillon C\u00f4tes de Bordeaux<\/p>\n<\/div>\n<\/div>\n<\/div>\n\n\n\n<div class=\"wp-block-uagb-container uagb-block-f7bebac0 alignfull uagb-is-root-container\"><div class=\"uagb-container-inner-blocks-wrap\">\n<div class=\"wp-block-columns is-layout-flex wp-container-core-columns-is-layout-28f84493 wp-block-columns-is-layout-flex\">\n<div class=\"wp-block-column is-layout-flow wp-block-column-is-layout-flow\">\n<figure class=\"wp-block-image size-full is-resized\"><img loading=\"lazy\" decoding=\"async\" width=\"408\" height=\"612\" src=\"http:\/\/brojacwine.com\/wp-content\/uploads\/2025\/11\/Le_Soutien-Gorge_Rouge-removebg-preview.png\" alt=\"\" class=\"wp-image-3306\" style=\"width:269px;height:auto\" srcset=\"https:\/\/brojacwine.com\/wp-content\/uploads\/2025\/11\/Le_Soutien-Gorge_Rouge-removebg-preview.png 408w, https:\/\/brojacwine.com\/wp-content\/uploads\/2025\/11\/Le_Soutien-Gorge_Rouge-removebg-preview-200x300.png 200w, https:\/\/brojacwine.com\/wp-content\/uploads\/2025\/11\/Le_Soutien-Gorge_Rouge-removebg-preview-8x12.png 8w\" sizes=\"(max-width: 408px) 100vw, 408px\" \/><\/figure>\n\n\n\n<p class=\"has-text-align-center\"><strong>Le Soutien Gorge Rouge<br><\/strong><em><strong>(The Red Bra)<\/strong><br><\/em>Castillon C\u00f4tes de Bordeaux<\/p>\n<\/div>\n\n\n\n<div class=\"wp-block-column is-layout-flow wp-block-column-is-layout-flow\">\n<figure class=\"wp-block-image aligncenter size-full\"><img loading=\"lazy\" decoding=\"async\" width=\"1414\" height=\"2000\" src=\"http:\/\/brojacwine.com\/wp-content\/uploads\/2025\/11\/Chateau-de-Chainchon-Valmy-Dubourdieu-Lange.png\" alt=\"\" class=\"wp-image-3314\" srcset=\"https:\/\/brojacwine.com\/wp-content\/uploads\/2025\/11\/Chateau-de-Chainchon-Valmy-Dubourdieu-Lange.png 1414w, https:\/\/brojacwine.com\/wp-content\/uploads\/2025\/11\/Chateau-de-Chainchon-Valmy-Dubourdieu-Lange-212x300.png 212w, https:\/\/brojacwine.com\/wp-content\/uploads\/2025\/11\/Chateau-de-Chainchon-Valmy-Dubourdieu-Lange-724x1024.png 724w, https:\/\/brojacwine.com\/wp-content\/uploads\/2025\/11\/Chateau-de-Chainchon-Valmy-Dubourdieu-Lange-768x1086.png 768w, https:\/\/brojacwine.com\/wp-content\/uploads\/2025\/11\/Chateau-de-Chainchon-Valmy-Dubourdieu-Lange-1086x1536.png 1086w, https:\/\/brojacwine.com\/wp-content\/uploads\/2025\/11\/Chateau-de-Chainchon-Valmy-Dubourdieu-Lange-8x12.png 8w, https:\/\/brojacwine.com\/wp-content\/uploads\/2025\/11\/Chateau-de-Chainchon-Valmy-Dubourdieu-Lange-500x707.png 500w, https:\/\/brojacwine.com\/wp-content\/uploads\/2025\/11\/Chateau-de-Chainchon-Valmy-Dubourdieu-Lange-800x1132.png 800w, https:\/\/brojacwine.com\/wp-content\/uploads\/2025\/11\/Chateau-de-Chainchon-Valmy-Dubourdieu-Lange-1280x1810.png 1280w\" sizes=\"(max-width: 1414px) 100vw, 1414px\" \/><\/figure>\n\n\n\n<p class=\"has-text-align-center\"><strong>VALMY Dubourdieu Lange<br><\/strong><br>Castillon C\u00f4tes de Bordeaux<\/p>\n<\/div>\n\n\n\n<div class=\"wp-block-column is-layout-flow wp-block-column-is-layout-flow\">\n<figure class=\"wp-block-image size-large\"><img loading=\"lazy\" decoding=\"async\" width=\"724\" height=\"1024\" src=\"http:\/\/brojacwine.com\/wp-content\/uploads\/2025\/11\/Chateau-de-Chainchon-TEHA-724x1024.png\" alt=\"\" class=\"wp-image-3310\" srcset=\"https:\/\/brojacwine.com\/wp-content\/uploads\/2025\/11\/Chateau-de-Chainchon-TEHA-724x1024.png 724w, https:\/\/brojacwine.com\/wp-content\/uploads\/2025\/11\/Chateau-de-Chainchon-TEHA-212x300.png 212w, https:\/\/brojacwine.com\/wp-content\/uploads\/2025\/11\/Chateau-de-Chainchon-TEHA-768x1086.png 768w, https:\/\/brojacwine.com\/wp-content\/uploads\/2025\/11\/Chateau-de-Chainchon-TEHA-1086x1536.png 1086w, https:\/\/brojacwine.com\/wp-content\/uploads\/2025\/11\/Chateau-de-Chainchon-TEHA-8x12.png 8w, https:\/\/brojacwine.com\/wp-content\/uploads\/2025\/11\/Chateau-de-Chainchon-TEHA-500x707.png 500w, https:\/\/brojacwine.com\/wp-content\/uploads\/2025\/11\/Chateau-de-Chainchon-TEHA-800x1132.png 800w, https:\/\/brojacwine.com\/wp-content\/uploads\/2025\/11\/Chateau-de-Chainchon-TEHA-1280x1810.png 1280w, https:\/\/brojacwine.com\/wp-content\/uploads\/2025\/11\/Chateau-de-Chainchon-TEHA.png 1414w\" sizes=\"(max-width: 724px) 100vw, 724px\" \/><\/figure>\n\n\n\n<p class=\"has-text-align-center\"><strong>TEHA<\/strong><br><br>Castillon C\u00f4tes de Bordeaux<\/p>\n<\/div>\n<\/div>\n<\/div><\/div>\n\n\n\n<div style=\"height:60px\" aria-hidden=\"true\" class=\"wp-block-spacer\"><\/div>\n\n\n\n<p class=\"has-text-align-center\">Veuillez nous contacter pour les prix, les fiches techniques et les demandes d'\u00e9chantillons.<\/p>\n\n\n\n<p><\/p>","protected":false},"excerpt":{"rendered":"<p>Ch\u00e2teau de Chainchon AOP Castillon C\u00f4tes de Bordeaux Founded in 1846, Ch\u00e2teau de Chainchon has remained in the hands of the Er\u00e9su\u00e9 family for over a century and a half. Today, Patrick Er\u00e9su\u00e9 and his son Maxime manage this 18-hectare organic estate, located on the scenic hillsides of the Dordogne Valley. The 18th-century ch\u00e2teau overlooks &hellip;<\/p>\n<p class=\"read-more\"> <a class=\"\" href=\"https:\/\/brojacwine.com\/fr\/chateau-de-chainchon\/\"> <span class=\"screen-reader-text\">Ch\u00e2teau de Chainchon<\/span> Lire la suite\u00a0\u00bb<\/a><\/p>","protected":false},"author":1,"featured_media":0,"parent":0,"menu_order":0,"comment_status":"closed","ping_status":"closed","template":"","meta":{"content-type":"","om_disable_all_campaigns":false,"_uag_custom_page_level_css":"","_monsterinsights_skip_tracking":false,"_monsterinsights_sitenote_active":false,"_monsterinsights_sitenote_note":"","_monsterinsights_sitenote_category":0,"site-sidebar-layout":"default","site-content-layout":"default","ast-global-header-display":"","ast-main-header-display":"","ast-hfb-above-header-display":"","ast-hfb-below-header-display":"","ast-hfb-mobile-header-display":"","site-post-title":"disabled","ast-breadcrumbs-content":"","ast-featured-img":"","footer-sml-layout":"","theme-transparent-header-meta":"","adv-header-id-meta":"","stick-header-meta":"","header-above-stick-meta":"","header-main-stick-meta":"","header-below-stick-meta":"","_vp_format_video_url":"","_vp_image_focal_point":[],"footnotes":""},"class_list":["post-3301","page","type-page","status-publish","hentry"],"aioseo_notices":[],"uagb_featured_image_src":{"full":false,"thumbnail":false,"medium":false,"medium_large":false,"large":false,"1536x1536":false,"2048x2048":false,"trp-custom-language-flag":false,"vp_sm":false,"vp_md":false,"vp_lg":false,"vp_xl":false,"vp_sm_popup":false,"vp_md_popup":false,"vp_xl_popup":false},"uagb_author_info":{"display_name":"Brojac Wine Alliance","author_link":"https:\/\/brojacwine.com\/fr\/author\/bentejachgmail-com\/"},"uagb_comment_info":0,"uagb_excerpt":"Ch\u00e2teau de Chainchon AOP Castillon C\u00f4tes de Bordeaux Founded in 1846, Ch\u00e2teau de Chainchon has remained in the hands of the Er\u00e9su\u00e9 family for over a century and a half. Today, Patrick Er\u00e9su\u00e9 and his son Maxime manage this 18-hectare organic estate, located on the scenic hillsides of the Dordogne Valley. The 18th-century ch\u00e2teau overlooks\u2026","_links":{"self":[{"href":"https:\/\/brojacwine.com\/fr\/wp-json\/wp\/v2\/pages\/3301","targetHints":{"allow":["GET"]}}],"collection":[{"href":"https:\/\/brojacwine.com\/fr\/wp-json\/wp\/v2\/pages"}],"about":[{"href":"https:\/\/brojacwine.com\/fr\/wp-json\/wp\/v2\/types\/page"}],"author":[{"embeddable":true,"href":"https:\/\/brojacwine.com\/fr\/wp-json\/wp\/v2\/users\/1"}],"replies":[{"embeddable":true,"href":"https:\/\/brojacwine.com\/fr\/wp-json\/wp\/v2\/comments?post=3301"}],"version-history":[{"count":5,"href":"https:\/\/brojacwine.com\/fr\/wp-json\/wp\/v2\/pages\/3301\/revisions"}],"predecessor-version":[{"id":3320,"href":"https:\/\/brojacwine.com\/fr\/wp-json\/wp\/v2\/pages\/3301\/revisions\/3320"}],"wp:attachment":[{"href":"https:\/\/brojacwine.com\/fr\/wp-json\/wp\/v2\/media?parent=3301"}],"curies":[{"name":"wp","href":"https:\/\/api.w.org\/{rel}","templated":true}]}}