{"id":3102,"date":"2024-05-17T16:17:08","date_gmt":"2024-05-17T16:17:08","guid":{"rendered":"https:\/\/brojacwine.com\/?page_id=3102"},"modified":"2024-05-22T14:55:02","modified_gmt":"2024-05-22T14:55:02","slug":"direct-shipping","status":"publish","type":"page","link":"https:\/\/brojacwine.com\/fr\/direct-shipping\/","title":{"rendered":"Direct Shipping Service"},"content":{"rendered":"<div class=\"wp-block-uagb-container uagb-block-d4e79490 default uagb-is-root-container\">\n<div style=\"height:20px\" aria-hidden=\"true\" class=\"wp-block-spacer\"><\/div>\n\n\n\n<div class=\"wp-block-uagb-advanced-heading uagb-block-45e5d7e4\"><h1 class=\"uagb-heading-text\">Simplifiez votre Approvisionnement.<\/h1><p class=\"uagb-desc-text\"><br>Des vins artisanaux provenant directement de domaines viticoles familiaux et livr\u00e9s \u00e0 domicile.<\/p><\/div>\n\n\n\n<div style=\"height:20px\" aria-hidden=\"true\" class=\"wp-block-spacer\"><\/div>\n\n\n\n<div class=\"wp-block-buttons is-content-justification-center is-layout-flex wp-container-core-buttons-is-layout-a89b3969 wp-block-buttons-is-layout-flex\">\n<div class=\"wp-block-button has-custom-font-size has-medium-font-size\"><a class=\"wp-block-button__link wp-element-button\" href=\"https:\/\/brojacwine.com\/fr\/direct-shipping\/order-form\/\" style=\"border-radius:30px\" rel=\"\">Commander<\/a><\/div>\n<\/div>\n<\/div>\n\n\n\n<div class=\"wp-block-uagb-container uagb-block-b7586aff default uagb-is-root-container\">\n<pre class=\"wp-block-verse has-text-align-center has-ast-global-color-4-color has-ast-global-color-6-background-color has-text-color has-background has-medium-font-size\" style=\"margin-top:0;margin-right:0;margin-bottom:0px;margin-left:0;font-style:normal;font-weight:600\">Nous sommes fiers d'offrir aux cavistes, h\u00f4tels, restaurants et autres d\u00e9taillants sp\u00e9cialis\u00e9s en vin de l'Union europ\u00e9enne une nouvelle m\u00e9thode d'approvisionnement en vin. Recevez vos envois directement des petites caves ind\u00e9pendantes \u00e0 des prix comp\u00e9titifs, \u00e0 partir de 60 bouteilles !<\/pre>\n\n\n\n<div class=\"wp-block-columns is-not-stacked-on-mobile uag-hide-tab uag-hide-mob is-layout-flex wp-container-core-columns-is-layout-6b786901 wp-block-columns-is-layout-flex\" style=\"padding-bottom:0px;padding-left:0\">\n<div class=\"wp-block-column is-layout-flow wp-block-column-is-layout-flow\" style=\"flex-basis:25%\"><\/div>\n\n\n\n<div class=\"wp-block-column is-layout-flow wp-block-column-is-layout-flow\" style=\"flex-basis:50%\">\n<figure class=\"wp-block-image size-large is-resized uag-hide-tab uag-hide-mob\"><img fetchpriority=\"high\" decoding=\"async\" src=\"http:\/\/brojacwine.com\/wp-content\/uploads\/2024\/05\/Untitled-design-3-1024x341.png\" alt=\"\" class=\"wp-image-3107\" width=\"506\" height=\"168\"\/><\/figure>\n<\/div>\n\n\n\n<div class=\"wp-block-column is-layout-flow wp-block-column-is-layout-flow\" style=\"flex-basis:25%\"><\/div>\n<\/div>\n\n\n\n<div class=\"wp-block-uagb-container uag-hide-desktop uagb-block-aae9bfe1\">\n<div class=\"wp-block-uagb-container uagb-block-feec2f77\">\n<figure class=\"wp-block-image aligncenter size-large is-resized\"><img decoding=\"async\" src=\"https:\/\/brojacwine.com\/wp-content\/uploads\/2024\/05\/Untitled-design-3-e1715951613624-1024x279.png\" alt=\"Wine transport icons\" class=\"wp-image-3107\" width=\"289\" height=\"78\" srcset=\"https:\/\/brojacwine.com\/wp-content\/uploads\/2024\/05\/Untitled-design-3-e1715951613624-1024x279.png 1024w, https:\/\/brojacwine.com\/wp-content\/uploads\/2024\/05\/Untitled-design-3-e1715951613624-300x82.png 300w, https:\/\/brojacwine.com\/wp-content\/uploads\/2024\/05\/Untitled-design-3-e1715951613624-768x209.png 768w, https:\/\/brojacwine.com\/wp-content\/uploads\/2024\/05\/Untitled-design-3-e1715951613624-18x5.png 18w, https:\/\/brojacwine.com\/wp-content\/uploads\/2024\/05\/Untitled-design-3-e1715951613624.png 1200w\" sizes=\"(max-width: 289px) 100vw, 289px\" \/><\/figure>\n<\/div>\n<\/div>\n\n\n\n<div class=\"wp-block-uagb-container uagb-block-f9349c5c\">\n<div class=\"wp-block-columns is-layout-flex wp-container-core-columns-is-layout-28f84493 wp-block-columns-is-layout-flex\">\n<div class=\"wp-block-column is-layout-flow wp-block-column-is-layout-flow\">\n<p class=\"has-text-align-center\"><strong>CONVENIENCE<br><\/strong>Nous organisons vos exp\u00e9ditions de vin afin que vous puissiez vous concentrer sur vos ventes.<\/p>\n<\/div>\n\n\n\n<div class=\"wp-block-column is-layout-flow wp-block-column-is-layout-flow\">\n<p class=\"has-text-align-center\"><strong>S\u00c9LECTION EXCLUSIVE<br><\/strong>Choisissez parmi une vari\u00e9t\u00e9 de caves artisanales s\u00e9lectionn\u00e9es pour leur qualit\u00e9, leurs valeurs et leurs histoires uniques. Les vins sont exp\u00e9di\u00e9s directement depuis le vignoble. <\/p>\n<\/div>\n<\/div>\n\n\n\n<div class=\"wp-block-columns is-layout-flex wp-container-core-columns-is-layout-28f84493 wp-block-columns-is-layout-flex\">\n<div class=\"wp-block-column is-layout-flow wp-block-column-is-layout-flow\">\n<p class=\"has-text-align-center\"><strong><strong>UNE TARIFICATION TRANSPARENTE<br><\/strong><\/strong>Pas de frais cach\u00e9s - le transport est compris dans le prix de la bouteille.<br>Ne comprend pas les droits d'accise et les taxes applicables.<\/p>\n<\/div>\n\n\n\n<div class=\"wp-block-column is-layout-flow wp-block-column-is-layout-flow\">\n<p class=\"has-text-align-center\"><strong>SOUTIEN AUX \u00c9V\u00c9NEMENTS<br><\/strong>B\u00e9n\u00e9ficiez du soutien du personnel de la cave lors d'\u00e9v\u00e9nements sp\u00e9ciaux pour faire d\u00e9couvrir \u00e0 vos clients les histoires qui se cachent derri\u00e8re chaque bouteille.<\/p>\n<\/div>\n<\/div>\n<\/div>\n\n\n\n<div style=\"height:20px\" aria-hidden=\"true\" class=\"wp-block-spacer\"><\/div>\n\n\n\n<div class=\"wp-block-buttons is-content-justification-center is-layout-flex wp-container-core-buttons-is-layout-a89b3969 wp-block-buttons-is-layout-flex\">\n<div class=\"wp-block-button has-custom-font-size is-style-fill has-medium-font-size\"><a class=\"wp-block-button__link wp-element-button\" href=\"https:\/\/brojacwine.com\/fr\/direct-shipping\/order-form\/\" style=\"border-radius:30px\" rel=\"\">Commander<\/a><\/div>\n<\/div>\n<\/div>","protected":false},"excerpt":{"rendered":"<p>Simplify your Wine Sourcing. Boutique wines straight from family wineries to your doorstep. We&#8217;re proud to offer cavistes, hotels, restaurants, and other specialized wine retailers in the European Union a new method to source wine. Receive your shipments directly from small, independent wineries at competitive prices, starting from 60 bottles! CONVENIENCEWe organize your wine shipments &hellip;<\/p>\n<p class=\"read-more\"> <a class=\"\" href=\"https:\/\/brojacwine.com\/fr\/direct-shipping\/\"> <span class=\"screen-reader-text\">Direct Shipping Service<\/span> Lire la suite\u00a0\u00bb<\/a><\/p>","protected":false},"author":1,"featured_media":0,"parent":0,"menu_order":0,"comment_status":"closed","ping_status":"closed","template":"","meta":{"content-type":"","om_disable_all_campaigns":false,"_uag_custom_page_level_css":"","_monsterinsights_skip_tracking":false,"_monsterinsights_sitenote_active":false,"_monsterinsights_sitenote_note":"","_monsterinsights_sitenote_category":0,"site-sidebar-layout":"default","site-content-layout":"default","ast-global-header-display":"","ast-main-header-display":"","ast-hfb-above-header-display":"","ast-hfb-below-header-display":"","ast-hfb-mobile-header-display":"","site-post-title":"disabled","ast-breadcrumbs-content":"","ast-featured-img":"","footer-sml-layout":"","theme-transparent-header-meta":"","adv-header-id-meta":"","stick-header-meta":"","header-above-stick-meta":"","header-main-stick-meta":"","header-below-stick-meta":"","_vp_format_video_url":"","_vp_image_focal_point":[],"footnotes":""},"class_list":["post-3102","page","type-page","status-publish","hentry"],"aioseo_notices":[],"uagb_featured_image_src":{"full":false,"thumbnail":false,"medium":false,"medium_large":false,"large":false,"1536x1536":false,"2048x2048":false,"trp-custom-language-flag":false,"vp_sm":false,"vp_md":false,"vp_lg":false,"vp_xl":false,"vp_sm_popup":false,"vp_md_popup":false,"vp_xl_popup":false},"uagb_author_info":{"display_name":"Brojac Wine Alliance","author_link":"https:\/\/brojacwine.com\/fr\/author\/bentejachgmail-com\/"},"uagb_comment_info":0,"uagb_excerpt":"Simplify your Wine Sourcing. Boutique wines straight from family wineries to your doorstep. We're proud to offer cavistes, hotels, restaurants, and other specialized wine retailers in the European Union a new method to source wine. Receive your shipments directly from small, independent wineries at competitive prices, starting from 60 bottles! CONVENIENCEWe organize your wine shipments\u2026","_links":{"self":[{"href":"https:\/\/brojacwine.com\/fr\/wp-json\/wp\/v2\/pages\/3102","targetHints":{"allow":["GET"]}}],"collection":[{"href":"https:\/\/brojacwine.com\/fr\/wp-json\/wp\/v2\/pages"}],"about":[{"href":"https:\/\/brojacwine.com\/fr\/wp-json\/wp\/v2\/types\/page"}],"author":[{"embeddable":true,"href":"https:\/\/brojacwine.com\/fr\/wp-json\/wp\/v2\/users\/1"}],"replies":[{"embeddable":true,"href":"https:\/\/brojacwine.com\/fr\/wp-json\/wp\/v2\/comments?post=3102"}],"version-history":[{"count":41,"href":"https:\/\/brojacwine.com\/fr\/wp-json\/wp\/v2\/pages\/3102\/revisions"}],"predecessor-version":[{"id":3177,"href":"https:\/\/brojacwine.com\/fr\/wp-json\/wp\/v2\/pages\/3102\/revisions\/3177"}],"wp:attachment":[{"href":"https:\/\/brojacwine.com\/fr\/wp-json\/wp\/v2\/media?parent=3102"}],"curies":[{"name":"wp","href":"https:\/\/api.w.org\/{rel}","templated":true}]}}