{"id":2829,"date":"2023-05-05T08:42:35","date_gmt":"2023-05-05T08:42:35","guid":{"rendered":"https:\/\/brojacwine.com\/?page_id=2829"},"modified":"2023-05-05T13:42:15","modified_gmt":"2023-05-05T13:42:15","slug":"chateau-la-grangere-and-chateau-saint-julian","status":"publish","type":"page","link":"https:\/\/brojacwine.com\/fr\/partners\/chateau-la-grangere-and-chateau-saint-julian\/","title":{"rendered":"Ch\u00e2teau La Grang\u00e8re and Ch\u00e2teau Saint Julian"},"content":{"rendered":"<div class=\"wp-block-uagb-container uagb-block-a20f1824 alignfull uagb-is-root-container\"><div class=\"uagb-container-inner-blocks-wrap\">\n<div class=\"wp-block-uagb-advanced-heading uagb-block-367befbb\"><h1 class=\"uagb-heading-text\">Ch\u00e2teau La Grang\u00e8re <br>Ch\u00e2teau Saint Julian<\/h1><p class=\"uagb-desc-text\">AOP Saint Emilion Grand Cru \/ AOP Bordeaux Sup\u00e9rieur<\/p><\/div>\n<\/div><\/div>\n\n\n\n<div class=\"wp-block-uagb-container uagb-block-b7943633 alignfull uagb-is-root-container\"><div class=\"uagb-container-inner-blocks-wrap\">\n<div class=\"wp-block-uagb-container uagb-block-971debd1\">\n<div class=\"wp-block-uagb-advanced-heading uagb-block-9c3ceef9\"><p class=\"uagb-desc-text\">At Ch\u00e2teau La Grang\u00e8re and Ch\u00e2teau Saint Julian, three brothers share a deep love for the pure art of wine-making. Alongside their head winemaker and vineyard manager, Alexi Bentejac, they converted to organic farming practices in 2009 to keep their vineyard workers safe and protect their surrounding biodiversity.<\/p><\/div>\n<\/div>\n\n\n\n<div class=\"wp-block-uagb-container uagb-block-dd87f053\">\n<div class=\"wp-block-uagb-image uagb-block-7cf482e7 wp-block-uagb-image--layout-default wp-block-uagb-image--effect-static wp-block-uagb-image--align-right\"><figure class=\"wp-block-uagb-image__figure\"><img loading=\"lazy\" decoding=\"async\" srcset=\"https:\/\/brojacwine.com\/wp-content\/uploads\/2023\/05\/DSC_0143-1024x678.jpg \" src=\"https:\/\/brojacwine.com\/wp-content\/uploads\/2023\/05\/DSC_0143-1024x678.jpg\" alt=\"\" class=\"uag-image-2863\" width=\"1024\" height=\"678\" title=\"\"\/><\/figure><\/div>\n<\/div>\n<\/div><\/div>\n\n\n\n<div class=\"wp-block-uagb-container uagb-block-c8651bf1 alignfull uagb-is-root-container\">\n<div class=\"wp-block-uagb-container uagb-block-71203216\">\n<div class=\"wp-block-uagb-image uagb-block-941114c2 wp-block-uagb-image--layout-default wp-block-uagb-image--effect-static wp-block-uagb-image--align-none\"><figure class=\"wp-block-uagb-image__figure\"><img loading=\"lazy\" decoding=\"async\" srcset=\"https:\/\/brojacwine.com\/wp-content\/uploads\/2023\/05\/DSC_0022-1024x678.jpg \" src=\"https:\/\/brojacwine.com\/wp-content\/uploads\/2023\/05\/DSC_0022-1024x678.jpg\" alt=\"\" class=\"uag-image-2860\" width=\"1024\" height=\"678\" title=\"\"\/><\/figure><\/div>\n<\/div>\n\n\n\n<div class=\"wp-block-uagb-container uagb-block-318db3d8\">\n<div class=\"wp-block-uagb-info-box uagb-block-42b3524e uagb-infobox__content-wrap  uagb-infobox-icon-above-title uagb-infobox-image-valign-top\"><div class=\"uagb-ifb-content\"><div class=\"uagb-ifb-title-wrap\"><h4 class=\"uagb-ifb-title\">Ch\u00e2teau La Grang\u00e8re<\/h4><\/div><p class=\"uagb-ifb-desc\">Located on the sun-soaked hillside of the renowned Saint Emilion appellation, Ch\u00e2teau La Grang\u00e8re&#8217;s 15 acres of vineyards are planted over limestone bedrock and shallow clay soils, the ideal environment for Merlot &#8211; the main component of their exquisite red blends. Located next to world-renowned Grand Cru Class\u00e9s, the family follows a more discreet approach, preferring that their wines are known as &#8220;the best kept secret&#8221; &#8211; accessible wines with exceptional quality. The estate crafts its wines on-site and ages them in barrels, creating an elegant, delightful wines that make for an unforgettable tasting experience.<\/p><\/div><\/div>\n<\/div>\n<\/div>\n\n\n\n<div class=\"wp-block-uagb-container uagb-block-a3d6ccfc alignfull uagb-is-root-container\"><div class=\"uagb-container-inner-blocks-wrap\">\n<div class=\"wp-block-uagb-container uagb-block-5bdef59b\">\n<div class=\"wp-block-uagb-info-box uagb-block-16e1b103 uagb-infobox__content-wrap  uagb-infobox-icon-above-title uagb-infobox-image-valign-top\"><div class=\"uagb-ifb-content\"><div class=\"uagb-ifb-title-wrap\"><h4 class=\"uagb-ifb-title\">Ch\u00e2teau Saint Julian<\/h4><\/div><p class=\"uagb-ifb-desc\">Surrounded by rich biodiversity and situated atop a hill, Ch\u00e2teau Saint Julian is a one block, 30-hectare vineyard. Breaking from tradition, the vines are planted in a high density and managed in the Saint Emilion style. The estate benefits from a modern, semi-underground cellar which preserves temperature and humidity from extreme variations. the wine is aged in natural concrete tanks, providing the micro-oxidation necessary for softening the tannins.<\/p><\/div><\/div>\n<\/div>\n\n\n\n<div class=\"wp-block-uagb-container uagb-block-112939c8\">\n<div class=\"wp-block-uagb-image uagb-block-faa3a031 wp-block-uagb-image--layout-default wp-block-uagb-image--effect-static wp-block-uagb-image--align-right\"><figure class=\"wp-block-uagb-image__figure\"><img loading=\"lazy\" decoding=\"async\" srcset=\"https:\/\/brojacwine.com\/wp-content\/uploads\/2023\/05\/DSC_0186-1024x678.jpg \" src=\"https:\/\/brojacwine.com\/wp-content\/uploads\/2023\/05\/DSC_0186-1024x678.jpg\" alt=\"\" class=\"uag-image-2862\" width=\"1024\" height=\"678\" title=\"\"\/><\/figure><\/div>\n<\/div>\n<\/div><\/div>\n\n\n\n<div class=\"wp-block-uagb-container uagb-block-7f7fa8a6 alignfull uagb-is-root-container\">\n<div class=\"wp-block-uagb-container uagb-block-24b4e91c\">\n<div class=\"wp-block-uagb-image uagb-block-ebaec22d wp-block-uagb-image--layout-default wp-block-uagb-image--effect-static wp-block-uagb-image--align-none\"><figure class=\"wp-block-uagb-image__figure\"><img loading=\"lazy\" decoding=\"async\" srcset=\"https:\/\/brojacwine.com\/wp-content\/uploads\/2023\/05\/DSC_0564-1024x678.jpg \" src=\"https:\/\/brojacwine.com\/wp-content\/uploads\/2023\/05\/DSC_0564-1024x678.jpg\" alt=\"\" class=\"uag-image-2864\" width=\"1024\" height=\"678\" title=\"\"\/><\/figure><\/div>\n<\/div>\n\n\n\n<div class=\"wp-block-uagb-container uagb-block-f85be729\">\n<div class=\"wp-block-uagb-info-box uagb-block-3bcdff28 uagb-infobox__content-wrap  uagb-infobox-icon-above-title uagb-infobox-image-valign-top\"><div class=\"uagb-ifb-content\"><div class=\"uagb-ifb-title-wrap\"><h4 class=\"uagb-ifb-title\">Don&#8217;t Panic it&#8217;s organic<\/h4><\/div><p class=\"uagb-ifb-desc\">Alongside its Bordeaux blends, Ch\u00e2teau Saint Julian has created a unique single varietal range that truly captures the essence of each different cultivar. Each cuv\u00e9e is aged in porous, concrete tanks with minimal additives to ensure the purest terroir expression of each grape variety. <\/p><\/div><\/div>\n<\/div>\n<\/div>\n\n\n\n<div class=\"wp-block-uagb-container uagb-block-63493431 alignfull uagb-is-root-container\"><div class=\"uagb-container-inner-blocks-wrap\">\n<div class=\"wp-block-uagb-container uagb-block-6df23d6d\">\n<div class=\"wp-block-uagb-info-box uagb-block-078a7eda uagb-infobox__content-wrap  uagb-infobox-icon-above-title uagb-infobox-image-valign-top\"><div class=\"uagb-ifb-content\"><div class=\"uagb-ifb-image-content\"><img loading=\"lazy\" decoding=\"async\" src=\"http:\/\/brojacwine.com\/wp-content\/uploads\/2023\/05\/ecocert.jpeg\" alt=\"\" width=\"115\" height=\"70\"\/><\/div><div class=\"uagb-ifb-title-wrap\"><h5 class=\"uagb-ifb-title\">Certifi\u00e9 Biologique<\/h5><\/div><\/div><\/div>\n\n\n\n<div class=\"wp-block-uagb-info-box uagb-block-8eb80bd9 uagb-infobox__content-wrap  uagb-infobox-icon-above-title uagb-infobox-image-valign-top\"><div class=\"uagb-ifb-content\"><div class=\"uagb-ifb-image-content\"><img loading=\"lazy\" decoding=\"async\" src=\"http:\/\/brojacwine.com\/wp-content\/uploads\/2023\/03\/HVE.webp\" alt=\"\" width=\"70\" height=\"70\"\/><\/div><div class=\"uagb-ifb-title-wrap\"><h5 class=\"uagb-ifb-title\">Haute Valeur Environnementale<\/h5><\/div><\/div><\/div>\n\n\n\n<div class=\"wp-block-uagb-info-box uagb-block-8f0cfe22 uagb-infobox__content-wrap  uagb-infobox-icon-above-title uagb-infobox-image-valign-top\"><div class=\"uagb-ifb-content\"><div class=\"uagb-ifb-image-content\"><img loading=\"lazy\" decoding=\"async\" src=\"http:\/\/brojacwine.com\/wp-content\/uploads\/2023\/03\/external-grape-leaves-icongeek26-outline-icongeek26.png\" alt=\"\" width=\"70\" height=\"70\"\/><\/div><div class=\"uagb-ifb-title-wrap\"><h5 class=\"uagb-ifb-title\"><strong>La Grang\u00e8re:<\/strong> 15 hectares <br><br><strong>Saint Julian:<\/strong> 30 hectares<\/h5><\/div><\/div><\/div>\n\n\n\n<div class=\"wp-block-uagb-info-box uagb-block-f600cd5f uagb-infobox__content-wrap  uagb-infobox-icon-above-title uagb-infobox-image-valign-top\"><div class=\"uagb-ifb-content\"><div class=\"uagb-ifb-image-content\"><img loading=\"lazy\" decoding=\"async\" src=\"http:\/\/brojacwine.com\/wp-content\/uploads\/2023\/03\/grape.png\" alt=\"\" width=\"70\" height=\"70\"\/><\/div><div class=\"uagb-ifb-title-wrap\"><h5 class=\"uagb-ifb-title\"><strong>La Grang\u00e8re: <\/strong>Merlot, Cabernet Sauvignon <br><br><strong>Saint Julian:<\/strong> Merlot, Cabernet Franc, Malbec, Cabernet Sauvignon<\/h5><\/div><\/div><\/div>\n<\/div>\n<\/div><\/div>\n\n\n\n<div class=\"wp-block-uagb-container uagb-block-26811606 alignfull uagb-is-root-container\"><div class=\"uagb-container-inner-blocks-wrap\">\n<div class=\"wp-block-uagb-advanced-heading uagb-block-59f571b5\"><h3 class=\"uagb-heading-text\">Cuv\u00e9es &#8211; La Grang\u00e8re<\/h3><\/div>\n\n\n\n<div class=\"wp-block-uagb-container uagb-block-216ad8b9\">\n<div class=\"wp-block-columns is-layout-flex wp-container-core-columns-is-layout-28f84493 wp-block-columns-is-layout-flex\">\n<div class=\"wp-block-column is-layout-flow wp-block-column-is-layout-flow\">\n<div class=\"wp-block-uagb-image uagb-block-35d18897 wp-block-uagb-image--layout-default wp-block-uagb-image--effect-static wp-block-uagb-image--align-center\"><figure class=\"wp-block-uagb-image__figure\"><img loading=\"lazy\" decoding=\"async\" srcset=\"https:\/\/brojacwine.com\/wp-content\/uploads\/2023\/05\/La-Grangere-e1683292329606-264x1024.png \" src=\"https:\/\/brojacwine.com\/wp-content\/uploads\/2023\/05\/La-Grangere-e1683292329606-264x1024.png\" alt=\"\" class=\"uag-image-2879\" width=\"204\" height=\"791\" title=\"\"\/><\/figure><\/div>\n\n\n\n<p class=\"has-text-align-center\"><strong>Ch\u00e2teau La Grang\u00e8re <\/strong><br>AOP Saint Emilion Grand Cru<\/p>\n<\/div>\n\n\n\n<div class=\"wp-block-column is-layout-flow wp-block-column-is-layout-flow\">\n<div class=\"wp-block-uagb-image uagb-block-f1bcf49b wp-block-uagb-image--layout-default wp-block-uagb-image--effect-static wp-block-uagb-image--align-center\"><figure class=\"wp-block-uagb-image__figure\"><img loading=\"lazy\" decoding=\"async\" srcset=\"https:\/\/brojacwine.com\/wp-content\/uploads\/2023\/05\/Moulin-de-la-Grangere-e1683292410515-260x1024.png \" src=\"https:\/\/brojacwine.com\/wp-content\/uploads\/2023\/05\/Moulin-de-la-Grangere-e1683292410515-260x1024.png\" alt=\"\" class=\"uag-image-2881\" width=\"201\" height=\"792\" title=\"\"\/><\/figure><\/div>\n\n\n\n<p class=\"has-text-align-center\"><strong>Ch\u00e2teau Moulin de la Grang\u00e8re<br><\/strong>AOP Saint Emilion<\/p>\n<\/div>\n<\/div>\n\n\n\n<div class=\"wp-block-uagb-advanced-heading uagb-block-48e1e765\"><h3 class=\"uagb-heading-text\">Cuv\u00e9es &#8211; Saint Julian<\/h3><\/div>\n\n\n\n<div class=\"wp-block-columns is-layout-flex wp-container-core-columns-is-layout-28f84493 wp-block-columns-is-layout-flex\">\n<div class=\"wp-block-column is-layout-flow wp-block-column-is-layout-flow\">\n<div class=\"wp-block-uagb-image uagb-block-8986beed wp-block-uagb-image--layout-default wp-block-uagb-image--effect-static wp-block-uagb-image--align-center\"><figure class=\"wp-block-uagb-image__figure\"><img loading=\"lazy\" decoding=\"async\" srcset=\"https:\/\/brojacwine.com\/wp-content\/uploads\/2023\/05\/Saint-Julian-e1683293276388-263x1024.png \" src=\"https:\/\/brojacwine.com\/wp-content\/uploads\/2023\/05\/Saint-Julian-e1683293276388-263x1024.png\" alt=\"\" class=\"uag-image-2884\" width=\"204\" height=\"161\" title=\"\"\/><\/figure><\/div>\n\n\n\n<p class=\"has-text-align-center\"><strong>Ch\u00e2teau Saint Julian<\/strong><br>AOP Bordeaux Sup\u00e9rieur<\/p>\n<\/div>\n\n\n\n<div class=\"wp-block-column is-layout-flow wp-block-column-is-layout-flow\">\n<div class=\"wp-block-uagb-image uagb-block-db778598 wp-block-uagb-image--layout-default wp-block-uagb-image--effect-static wp-block-uagb-image--align-center\"><figure class=\"wp-block-uagb-image__figure\"><img loading=\"lazy\" decoding=\"async\" srcset=\"https:\/\/brojacwine.com\/wp-content\/uploads\/2023\/05\/Analogie-e1683293346253-246x1024.png \" src=\"https:\/\/brojacwine.com\/wp-content\/uploads\/2023\/05\/Analogie-e1683293346253-246x1024.png\" alt=\"\" class=\"uag-image-2882\" width=\"192\" height=\"224\" title=\"\"\/><\/figure><\/div>\n\n\n\n<p class=\"has-text-align-center\"><strong>Ch\u00e2teau Saint Julian: <strong>Cuv\u00e9e Analogie<\/strong><br><\/strong>AOP Bordeaux Sup\u00e9rieur<\/p>\n<\/div>\n\n\n\n<div class=\"wp-block-column is-layout-flow wp-block-column-is-layout-flow\">\n<div class=\"wp-block-uagb-image uagb-block-87a271a6 wp-block-uagb-image--layout-default wp-block-uagb-image--effect-static wp-block-uagb-image--align-center\"><figure class=\"wp-block-uagb-image__figure\"><img loading=\"lazy\" decoding=\"async\" srcset=\"https:\/\/brojacwine.com\/wp-content\/uploads\/2023\/05\/Virecort-Conte-e1683293417468-266x1024.png \" src=\"https:\/\/brojacwine.com\/wp-content\/uploads\/2023\/05\/Virecort-Conte-e1683293417468-266x1024.png\" alt=\"\" class=\"uag-image-2886\" width=\"207\" height=\"797\" title=\"\"\/><\/figure><\/div>\n\n\n\n<p class=\"has-text-align-center\"><strong>Ch\u00e2teau Virecourt Cont\u00e9<br><\/strong>AOP Bordeaux Sup\u00e9rieur<\/p>\n<\/div>\n<\/div>\n\n\n\n<div class=\"wp-block-columns is-layout-flex wp-container-core-columns-is-layout-28f84493 wp-block-columns-is-layout-flex\">\n<div class=\"wp-block-column is-layout-flow wp-block-column-is-layout-flow\">\n<div class=\"wp-block-uagb-image uagb-block-c38c8c69 wp-block-uagb-image--layout-default wp-block-uagb-image--effect-static wp-block-uagb-image--align-center\"><figure class=\"wp-block-uagb-image__figure\"><img loading=\"lazy\" decoding=\"async\" srcset=\"https:\/\/brojacwine.com\/wp-content\/uploads\/2023\/05\/Merlot-250x1024.png \" src=\"https:\/\/brojacwine.com\/wp-content\/uploads\/2023\/05\/Merlot-250x1024.png\" alt=\"\" class=\"uag-image-2878\" width=\"238\" height=\"768\" title=\"\"\/><\/figure><\/div>\n\n\n\n<p class=\"has-text-align-center\"><strong>Don&#8217;t Panic it&#8217;s Organic<\/strong><br><strong>Merlot<\/strong><br>AOP Bordeaux Sup\u00e9rieur<\/p>\n<\/div>\n\n\n\n<div class=\"wp-block-column is-layout-flow wp-block-column-is-layout-flow\">\n<div class=\"wp-block-uagb-image uagb-block-c341a7d9 wp-block-uagb-image--layout-default wp-block-uagb-image--effect-static wp-block-uagb-image--align-center\"><figure class=\"wp-block-uagb-image__figure\"><img loading=\"lazy\" decoding=\"async\" srcset=\"https:\/\/brojacwine.com\/wp-content\/uploads\/2023\/05\/Malbec-246x1024.png \" src=\"https:\/\/brojacwine.com\/wp-content\/uploads\/2023\/05\/Malbec-246x1024.png\" alt=\"\" class=\"uag-image-2877\" width=\"229\" height=\"768\" title=\"\"\/><\/figure><\/div>\n\n\n\n<p class=\"has-text-align-center\"><strong><strong>Don&#8217;t Panic it&#8217;s Organic<\/strong><br>Malbec<br><\/strong>AOP Bordeaux Sup\u00e9rieur<\/p>\n<\/div>\n\n\n\n<div class=\"wp-block-column is-layout-flow wp-block-column-is-layout-flow\">\n<div class=\"wp-block-uagb-image uagb-block-3a5c4b29 wp-block-uagb-image--layout-default wp-block-uagb-image--effect-static wp-block-uagb-image--align-center\"><figure class=\"wp-block-uagb-image__figure\"><img loading=\"lazy\" decoding=\"async\" srcset=\"https:\/\/brojacwine.com\/wp-content\/uploads\/2023\/05\/CS-e1683293580296-253x1024.png \" src=\"https:\/\/brojacwine.com\/wp-content\/uploads\/2023\/05\/CS-e1683293580296-253x1024.png\" alt=\"\" class=\"uag-image-2876\" width=\"217\" height=\"768\" title=\"\"\/><\/figure><\/div>\n\n\n\n<p class=\"has-text-align-center\"><strong><strong>Don&#8217;t Panic it&#8217;s Organic<\/strong><br>Cabernet Sauvignon <\/strong><br>AOP Bordeaux Sup\u00e9rieur<\/p>\n<\/div>\n\n\n\n<div class=\"wp-block-column is-layout-flow wp-block-column-is-layout-flow\">\n<div class=\"wp-block-uagb-image uagb-block-f5e870ec wp-block-uagb-image--layout-default wp-block-uagb-image--effect-static wp-block-uagb-image--align-center\"><figure class=\"wp-block-uagb-image__figure\"><img loading=\"lazy\" decoding=\"async\" srcset=\"https:\/\/brojacwine.com\/wp-content\/uploads\/2023\/05\/Cabernet-franc-e1683294066494-251x1024.png \" src=\"https:\/\/brojacwine.com\/wp-content\/uploads\/2023\/05\/Cabernet-franc-e1683294066494-251x1024.png\" alt=\"\" class=\"uag-image-2875\" width=\"237\" height=\"768\" title=\"\"\/><\/figure><\/div>\n\n\n\n<p class=\"has-text-align-center\"><strong><strong>Don&#8217;t Panic it&#8217;s Organic<\/strong><br>Cabernet Franc<br><\/strong>AOP Bordeaux Sup\u00e9rieur<\/p>\n<\/div>\n<\/div>\n<\/div>\n<\/div><\/div>\n\n\n\n<p class=\"has-text-align-center\">Veuillez nous contacter pour les prix, les fiches techniques et les demandes d'\u00e9chantillons.<\/p>","protected":false},"excerpt":{"rendered":"<p>Ch\u00e2teau La Grang\u00e8re Ch\u00e2teau Saint Julian AOP Saint Emilion Grand Cru \/ AOP Bordeaux Sup\u00e9rieur At Ch\u00e2teau La Grang\u00e8re and Ch\u00e2teau Saint Julian, three brothers share a deep love for the pure art of wine-making. Alongside their head winemaker and vineyard manager, Alexi Bentejac, they converted to organic farming practices in 2009 to keep their &hellip;<\/p>\n<p class=\"read-more\"> <a class=\"\" href=\"https:\/\/brojacwine.com\/fr\/partners\/chateau-la-grangere-and-chateau-saint-julian\/\"> <span class=\"screen-reader-text\">Ch\u00e2teau La Grang\u00e8re and Ch\u00e2teau Saint Julian<\/span> Lire la suite\u00a0\u00bb<\/a><\/p>","protected":false},"author":1,"featured_media":0,"parent":1326,"menu_order":0,"comment_status":"closed","ping_status":"closed","template":"","meta":{"content-type":"","om_disable_all_campaigns":false,"_uag_custom_page_level_css":"","_monsterinsights_skip_tracking":false,"_monsterinsights_sitenote_active":false,"_monsterinsights_sitenote_note":"","_monsterinsights_sitenote_category":0,"site-sidebar-layout":"default","site-content-layout":"default","ast-global-header-display":"","ast-main-header-display":"","ast-hfb-above-header-display":"","ast-hfb-below-header-display":"","ast-hfb-mobile-header-display":"","site-post-title":"disabled","ast-breadcrumbs-content":"","ast-featured-img":"","footer-sml-layout":"","theme-transparent-header-meta":"","adv-header-id-meta":"","stick-header-meta":"","header-above-stick-meta":"","header-main-stick-meta":"","header-below-stick-meta":"","_vp_format_video_url":"","_vp_image_focal_point":[],"footnotes":""},"class_list":["post-2829","page","type-page","status-publish","hentry"],"aioseo_notices":[],"uagb_featured_image_src":{"full":false,"thumbnail":false,"medium":false,"medium_large":false,"large":false,"1536x1536":false,"2048x2048":false,"trp-custom-language-flag":false,"vp_sm":false,"vp_md":false,"vp_lg":false,"vp_xl":false,"vp_sm_popup":false,"vp_md_popup":false,"vp_xl_popup":false},"uagb_author_info":{"display_name":"Brojac Wine Alliance","author_link":"https:\/\/brojacwine.com\/fr\/author\/bentejachgmail-com\/"},"uagb_comment_info":0,"uagb_excerpt":"Ch\u00e2teau La Grang\u00e8re Ch\u00e2teau Saint Julian AOP Saint Emilion Grand Cru \/ AOP Bordeaux Sup\u00e9rieur At Ch\u00e2teau La Grang\u00e8re and Ch\u00e2teau Saint Julian, three brothers share a deep love for the pure art of wine-making. Alongside their head winemaker and vineyard manager, Alexi Bentejac, they converted to organic farming practices in 2009 to keep their\u2026","_links":{"self":[{"href":"https:\/\/brojacwine.com\/fr\/wp-json\/wp\/v2\/pages\/2829","targetHints":{"allow":["GET"]}}],"collection":[{"href":"https:\/\/brojacwine.com\/fr\/wp-json\/wp\/v2\/pages"}],"about":[{"href":"https:\/\/brojacwine.com\/fr\/wp-json\/wp\/v2\/types\/page"}],"author":[{"embeddable":true,"href":"https:\/\/brojacwine.com\/fr\/wp-json\/wp\/v2\/users\/1"}],"replies":[{"embeddable":true,"href":"https:\/\/brojacwine.com\/fr\/wp-json\/wp\/v2\/comments?post=2829"}],"version-history":[{"count":7,"href":"https:\/\/brojacwine.com\/fr\/wp-json\/wp\/v2\/pages\/2829\/revisions"}],"predecessor-version":[{"id":2899,"href":"https:\/\/brojacwine.com\/fr\/wp-json\/wp\/v2\/pages\/2829\/revisions\/2899"}],"up":[{"embeddable":true,"href":"https:\/\/brojacwine.com\/fr\/wp-json\/wp\/v2\/pages\/1326"}],"wp:attachment":[{"href":"https:\/\/brojacwine.com\/fr\/wp-json\/wp\/v2\/media?parent=2829"}],"curies":[{"name":"wp","href":"https:\/\/api.w.org\/{rel}","templated":true}]}}