{"id":2825,"date":"2023-05-05T08:40:24","date_gmt":"2023-05-05T08:40:24","guid":{"rendered":"https:\/\/brojacwine.com\/?page_id=2825"},"modified":"2023-05-05T16:13:46","modified_gmt":"2023-05-05T16:13:46","slug":"chateau-de-birazel","status":"publish","type":"page","link":"https:\/\/brojacwine.com\/fr\/partners\/chateau-de-birazel\/","title":{"rendered":"Ch\u00e2teau de Birazel"},"content":{"rendered":"<div class=\"wp-block-uagb-container uagb-block-876f39a8 alignfull uagb-is-root-container\"><div class=\"uagb-container-inner-blocks-wrap\">\n<div class=\"wp-block-uagb-advanced-heading uagb-block-68c49968\"><h1 class=\"uagb-heading-text\">Ch\u00e2teau de Birazel<\/h1><p class=\"uagb-desc-text\">AOP Bordeaux<\/p><\/div>\n<\/div><\/div>\n\n\n\n<div class=\"wp-block-uagb-container uagb-block-1dd76bef alignfull uagb-is-root-container\"><div class=\"uagb-container-inner-blocks-wrap\">\n<div class=\"wp-block-uagb-container uagb-block-e4122eea\">\n<div class=\"wp-block-uagb-advanced-heading uagb-block-0b5c41d2\"><p class=\"uagb-desc-text\">Ch\u00e2teau de Birazel, a 12th-century estate in the heart of Entre-deux-Mers, has been lovingly restored by the Boeckx family. After 25 years in the Dutch beer industry, they turned their passion to wine and architecture, and their commitment to tradition is evident in everything they do. The estate is operated in harmony with nature and local communities, with ecological hedges laid out to attract pollinating insects and nesting boxes for birds. More than 120 trees flourish on the property, including oaks, cedars, hazel trees, and more, and the park will soon have 6 hectares of truffle oaks, 2 hectares of olive trees, and lavender.<\/p><\/div>\n<\/div>\n\n\n\n<div class=\"wp-block-uagb-container uagb-block-21afe94d\">\n<div class=\"wp-block-uagb-image uagb-block-2336ce48 wp-block-uagb-image--layout-default wp-block-uagb-image--effect-static wp-block-uagb-image--align-right\"><figure class=\"wp-block-uagb-image__figure\"><img loading=\"lazy\" decoding=\"async\" srcset=\"https:\/\/brojacwine.com\/wp-content\/uploads\/2023\/05\/Birazel-team.jpeg \" src=\"https:\/\/brojacwine.com\/wp-content\/uploads\/2023\/05\/Birazel-team.jpeg\" alt=\"\" class=\"uag-image-2902\" width=\"1024\" height=\"497\" title=\"\"\/><\/figure><\/div>\n<\/div>\n<\/div><\/div>\n\n\n\n<div class=\"wp-block-uagb-container uagb-block-9b8ac003 alignfull uagb-is-root-container\">\n<div class=\"wp-block-uagb-container uagb-block-c2144cbd\">\n<div class=\"wp-block-uagb-image uagb-block-3c2e1368 wp-block-uagb-image--layout-default wp-block-uagb-image--effect-static wp-block-uagb-image--align-none\"><figure class=\"wp-block-uagb-image__figure\"><img loading=\"lazy\" decoding=\"async\" srcset=\"https:\/\/brojacwine.com\/wp-content\/uploads\/2023\/05\/Birazel-chai.jpeg \" src=\"https:\/\/brojacwine.com\/wp-content\/uploads\/2023\/05\/Birazel-chai.jpeg\" alt=\"\" class=\"uag-image-2900\" width=\"1024\" height=\"497\" title=\"\"\/><\/figure><\/div>\n<\/div>\n\n\n\n<div class=\"wp-block-uagb-container uagb-block-03ea61cf\">\n<div class=\"wp-block-uagb-advanced-heading uagb-block-45ca2294\"><p class=\"uagb-desc-text\">The Boeckx family is devoted to authenticity and quality. In 2020, they welcomed their first vintage in their state-of-the-art cellar, using a combination of oak tuns, amphorae, barrels, and diamond tanks, with guidance from some of the region&#8217;s top enologists. Ch\u00e2teau de Birazel combines tradition with innovation to offer luxurious wines that are approachable enough to enjoy now while also being well-structured and balanced, making them perfect for cellaring and aging for years to come.<\/p><\/div>\n<\/div>\n<\/div>\n\n\n\n<div class=\"wp-block-uagb-container uagb-block-4b3f7891 alignfull uagb-is-root-container\"><div class=\"uagb-container-inner-blocks-wrap\">\n<div class=\"wp-block-uagb-container uagb-block-313b04a2\">\n<div class=\"wp-block-uagb-info-box uagb-block-1489620e uagb-infobox__content-wrap  uagb-infobox-icon-above-title uagb-infobox-image-valign-top\"><div class=\"uagb-ifb-content\"><div class=\"uagb-ifb-image-content\"><img loading=\"lazy\" decoding=\"async\" src=\"http:\/\/brojacwine.com\/wp-content\/uploads\/2023\/05\/ecocert.jpeg\" alt=\"\" width=\"116\" height=\"71\"\/><\/div><div class=\"uagb-ifb-title-wrap\"><h5 class=\"uagb-ifb-title\">Organic Conversion<\/h5><\/div><\/div><\/div>\n\n\n\n<div class=\"wp-block-uagb-info-box uagb-block-636731ee uagb-infobox__content-wrap  uagb-infobox-icon-above-title uagb-infobox-image-valign-top\"><div class=\"uagb-ifb-content\"><div class=\"uagb-ifb-image-content\"><img loading=\"lazy\" decoding=\"async\" src=\"http:\/\/brojacwine.com\/wp-content\/uploads\/2023\/03\/HVE.webp\" alt=\"\" width=\"70\" height=\"70\"\/><\/div><div class=\"uagb-ifb-title-wrap\"><h5 class=\"uagb-ifb-title\">Haute Valeur Environnementale<br>Organic Conversion<\/h5><\/div><\/div><\/div>\n\n\n\n<div class=\"wp-block-uagb-info-box uagb-block-4922ecbb uagb-infobox__content-wrap  uagb-infobox-icon-above-title uagb-infobox-image-valign-top\"><div class=\"uagb-ifb-content\"><div class=\"uagb-ifb-image-content\"><img loading=\"lazy\" decoding=\"async\" src=\"http:\/\/brojacwine.com\/wp-content\/uploads\/2023\/03\/external-grape-leaves-icongeek26-outline-icongeek26.png\" alt=\"\" width=\"70\" height=\"70\"\/><\/div><div class=\"uagb-ifb-title-wrap\"><h5 class=\"uagb-ifb-title\">17 hectares of vineyards<\/h5><\/div><\/div><\/div>\n\n\n\n<div class=\"wp-block-uagb-info-box uagb-block-5ba1a811 uagb-infobox__content-wrap  uagb-infobox-icon-above-title uagb-infobox-image-valign-top\"><div class=\"uagb-ifb-content\"><div class=\"uagb-ifb-image-content\"><img loading=\"lazy\" decoding=\"async\" src=\"http:\/\/brojacwine.com\/wp-content\/uploads\/2023\/03\/grape.png\" alt=\"\" width=\"70\" height=\"70\"\/><\/div><div class=\"uagb-ifb-title-wrap\"><h5 class=\"uagb-ifb-title\">Merlot, Cabernet Sauvignon, Carm\u00e9n\u00e8re, S\u00e9millon, Sauvignon blanc, and Sauvignon gris<\/h5><\/div><\/div><\/div>\n<\/div>\n<\/div><\/div>\n\n\n\n<div class=\"wp-block-uagb-container uagb-block-947fc380 alignfull uagb-is-root-container\"><div class=\"uagb-container-inner-blocks-wrap\">\n<div class=\"wp-block-uagb-advanced-heading uagb-block-2dedb01d\"><h3 class=\"uagb-heading-text\">Cuv\u00e9es<\/h3><\/div>\n\n\n\n<div class=\"wp-block-uagb-container uagb-block-b282901a\">\n<div class=\"wp-block-columns is-layout-flex wp-container-core-columns-is-layout-28f84493 wp-block-columns-is-layout-flex\">\n<div class=\"wp-block-column is-layout-flow wp-block-column-is-layout-flow\">\n<div class=\"wp-block-uagb-image uagb-block-8d5f84be wp-block-uagb-image--layout-default wp-block-uagb-image--effect-static wp-block-uagb-image--align-center\"><figure class=\"wp-block-uagb-image__figure\"><img loading=\"lazy\" decoding=\"async\" srcset=\"https:\/\/brojacwine.com\/wp-content\/uploads\/2023\/05\/Paulus-e1683302453941-254x1024.png \" src=\"https:\/\/brojacwine.com\/wp-content\/uploads\/2023\/05\/Paulus-e1683302453941-254x1024.png\" alt=\"\" class=\"uag-image-2908\" width=\"225\" height=\"907\" title=\"\"\/><\/figure><\/div>\n\n\n\n<p class=\"has-text-align-center\"><strong>PAULUS<\/strong><br>AOP Bordeaux<\/p>\n<\/div>\n\n\n\n<div class=\"wp-block-column is-layout-flow wp-block-column-is-layout-flow\">\n<div class=\"wp-block-uagb-image uagb-block-94f8180d wp-block-uagb-image--layout-default wp-block-uagb-image--effect-static wp-block-uagb-image--align-center\"><figure class=\"wp-block-uagb-image__figure\"><img loading=\"lazy\" decoding=\"async\" srcset=\"https:\/\/brojacwine.com\/wp-content\/uploads\/2023\/05\/Auguste-e1683303132588-297x1024.png \" src=\"https:\/\/brojacwine.com\/wp-content\/uploads\/2023\/05\/Auguste-e1683303132588-297x1024.png\" alt=\"\" class=\"uag-image-2907\" width=\"265\" height=\"912\" title=\"\"\/><\/figure><\/div>\n\n\n\n<p class=\"has-text-align-center\"><strong>AUGUSTE<\/strong><br>AOP Bordeaux<\/p>\n<\/div>\n\n\n\n<div class=\"wp-block-column is-layout-flow wp-block-column-is-layout-flow\">\n<div class=\"wp-block-uagb-image uagb-block-a568b8db wp-block-uagb-image--layout-default wp-block-uagb-image--effect-static wp-block-uagb-image--align-center\"><figure class=\"wp-block-uagb-image__figure\"><img loading=\"lazy\" decoding=\"async\" srcset=\"https:\/\/brojacwine.com\/wp-content\/uploads\/2023\/05\/Romane-1-e1683303058644-254x1024.png \" src=\"https:\/\/brojacwine.com\/wp-content\/uploads\/2023\/05\/Romane-1-e1683303058644-254x1024.png\" alt=\"\" class=\"uag-image-2909\" width=\"227\" height=\"915\" title=\"\"\/><\/figure><\/div>\n\n\n\n<p class=\"has-text-align-center\"><strong>ROMANE<\/strong><br>AOP Bordeaux Blanc<\/p>\n<\/div>\n<\/div>\n<\/div>\n<\/div><\/div>\n\n\n\n<p class=\"has-text-align-center\">Veuillez nous contacter pour les prix, les fiches techniques et les demandes d'\u00e9chantillons.<\/p>","protected":false},"excerpt":{"rendered":"<p>Ch\u00e2teau de Birazel AOP Bordeaux Ch\u00e2teau de Birazel, a 12th-century estate in the heart of Entre-deux-Mers, has been lovingly restored by the Boeckx family. After 25 years in the Dutch beer industry, they turned their passion to wine and architecture, and their commitment to tradition is evident in everything they do. The estate is operated &hellip;<\/p>\n<p class=\"read-more\"> <a class=\"\" href=\"https:\/\/brojacwine.com\/fr\/partners\/chateau-de-birazel\/\"> <span class=\"screen-reader-text\">Ch\u00e2teau de Birazel<\/span> Lire la suite\u00a0\u00bb<\/a><\/p>","protected":false},"author":1,"featured_media":0,"parent":1326,"menu_order":0,"comment_status":"closed","ping_status":"closed","template":"","meta":{"content-type":"","om_disable_all_campaigns":false,"_uag_custom_page_level_css":"","_monsterinsights_skip_tracking":false,"_monsterinsights_sitenote_active":false,"_monsterinsights_sitenote_note":"","_monsterinsights_sitenote_category":0,"site-sidebar-layout":"default","site-content-layout":"default","ast-global-header-display":"","ast-main-header-display":"","ast-hfb-above-header-display":"","ast-hfb-below-header-display":"","ast-hfb-mobile-header-display":"","site-post-title":"disabled","ast-breadcrumbs-content":"","ast-featured-img":"","footer-sml-layout":"","theme-transparent-header-meta":"","adv-header-id-meta":"","stick-header-meta":"","header-above-stick-meta":"","header-main-stick-meta":"","header-below-stick-meta":"","_vp_format_video_url":"","_vp_image_focal_point":[],"footnotes":""},"class_list":["post-2825","page","type-page","status-publish","hentry"],"aioseo_notices":[],"uagb_featured_image_src":{"full":false,"thumbnail":false,"medium":false,"medium_large":false,"large":false,"1536x1536":false,"2048x2048":false,"trp-custom-language-flag":false,"vp_sm":false,"vp_md":false,"vp_lg":false,"vp_xl":false,"vp_sm_popup":false,"vp_md_popup":false,"vp_xl_popup":false},"uagb_author_info":{"display_name":"Brojac Wine Alliance","author_link":"https:\/\/brojacwine.com\/fr\/author\/bentejachgmail-com\/"},"uagb_comment_info":0,"uagb_excerpt":"Ch\u00e2teau de Birazel AOP Bordeaux Ch\u00e2teau de Birazel, a 12th-century estate in the heart of Entre-deux-Mers, has been lovingly restored by the Boeckx family. After 25 years in the Dutch beer industry, they turned their passion to wine and architecture, and their commitment to tradition is evident in everything they do. The estate is operated\u2026","_links":{"self":[{"href":"https:\/\/brojacwine.com\/fr\/wp-json\/wp\/v2\/pages\/2825","targetHints":{"allow":["GET"]}}],"collection":[{"href":"https:\/\/brojacwine.com\/fr\/wp-json\/wp\/v2\/pages"}],"about":[{"href":"https:\/\/brojacwine.com\/fr\/wp-json\/wp\/v2\/types\/page"}],"author":[{"embeddable":true,"href":"https:\/\/brojacwine.com\/fr\/wp-json\/wp\/v2\/users\/1"}],"replies":[{"embeddable":true,"href":"https:\/\/brojacwine.com\/fr\/wp-json\/wp\/v2\/comments?post=2825"}],"version-history":[{"count":3,"href":"https:\/\/brojacwine.com\/fr\/wp-json\/wp\/v2\/pages\/2825\/revisions"}],"predecessor-version":[{"id":3302,"href":"https:\/\/brojacwine.com\/fr\/wp-json\/wp\/v2\/pages\/2825\/revisions\/3302"}],"up":[{"embeddable":true,"href":"https:\/\/brojacwine.com\/fr\/wp-json\/wp\/v2\/pages\/1326"}],"wp:attachment":[{"href":"https:\/\/brojacwine.com\/fr\/wp-json\/wp\/v2\/media?parent=2825"}],"curies":[{"name":"wp","href":"https:\/\/api.w.org\/{rel}","templated":true}]}}