{"id":2823,"date":"2023-05-05T08:38:21","date_gmt":"2023-05-05T08:38:21","guid":{"rendered":"https:\/\/brojacwine.com\/?page_id=2823"},"modified":"2023-06-13T09:39:06","modified_gmt":"2023-06-13T09:39:06","slug":"chateau-la-rose-mayat","status":"publish","type":"page","link":"https:\/\/brojacwine.com\/fr\/partners\/chateau-la-rose-mayat\/","title":{"rendered":"Ch\u00e2teau La Rose Mayat"},"content":{"rendered":"<div class=\"wp-block-uagb-container uagb-block-290bfcd1 alignfull uagb-is-root-container\"><div class=\"uagb-container-inner-blocks-wrap\">\n<div class=\"wp-block-uagb-advanced-heading uagb-block-8fd5bdf4\"><h1 class=\"uagb-heading-text\">Ch\u00e2teau La Rose Mayat<\/h1><p class=\"uagb-desc-text\">AOP Puisseguin Saint Emilion<\/p><\/div>\n<\/div><\/div>\n\n\n\n<div class=\"wp-block-uagb-container uagb-block-c9d18c90 alignfull uagb-is-root-container\"><div class=\"uagb-container-inner-blocks-wrap\">\n<div class=\"wp-block-uagb-container uagb-block-43e4edcc\">\n<div class=\"wp-block-uagb-advanced-heading uagb-block-abadf24b\"><p class=\"uagb-desc-text\">For over 50 years, Fr\u00e9d\u00e9ric Dufour and his family have nurtured Ch\u00e2teau La Rose Mayat&#8217;s 4.2 hectare vineyard in the beautiful village of Puisseguin. Guided by a passion for winemaking, Fr\u00e9d\u00e9ric and his wife V\u00e9ronique took a leap of faith in 1998 and began producing their own wines in their own cellar. By working in harmony with nature, they have adopted sustainable vineyard practices that preserve the environment and the quality of their grapes.<\/p><\/div>\n<\/div>\n\n\n\n<div class=\"wp-block-uagb-container uagb-block-98ce1d43\">\n<div class=\"wp-block-uagb-image uagb-block-bbceaa1d wp-block-uagb-image--layout-default wp-block-uagb-image--effect-static wp-block-uagb-image--align-right\"><figure class=\"wp-block-uagb-image__figure\"><img loading=\"lazy\" decoding=\"async\" srcset=\"https:\/\/brojacwine.com\/wp-content\/uploads\/2023\/06\/Les-Dufours.jpg \" src=\"https:\/\/brojacwine.com\/wp-content\/uploads\/2023\/06\/Les-Dufours.jpg\" alt=\"\" class=\"uag-image-2921\" width=\"936\" height=\"1051\" title=\"\"\/><\/figure><\/div>\n<\/div>\n<\/div><\/div>\n\n\n\n<div class=\"wp-block-uagb-container uagb-block-275d5c38 alignfull uagb-is-root-container\">\n<div class=\"wp-block-uagb-container uagb-block-5351460e\">\n<div class=\"wp-block-uagb-image uagb-block-9ed08208 wp-block-uagb-image--layout-default wp-block-uagb-image--effect-static wp-block-uagb-image--align-none\"><figure class=\"wp-block-uagb-image__figure\"><img loading=\"lazy\" decoding=\"async\" srcset=\"https:\/\/brojacwine.com\/wp-content\/uploads\/2023\/05\/La-Rose-Mayat-.webp \" src=\"https:\/\/brojacwine.com\/wp-content\/uploads\/2023\/05\/La-Rose-Mayat-.webp\" alt=\"\" class=\"uag-image-2904\" width=\"1024\" height=\"683\" title=\"\"\/><\/figure><\/div>\n<\/div>\n\n\n\n<div class=\"wp-block-uagb-container uagb-block-80188f32\">\n<div class=\"wp-block-uagb-advanced-heading uagb-block-61f9c157\"><p class=\"uagb-desc-text\">Today, their son Jean-Baptiste carries on the family legacy as head winemaker, planting an additional 3 hectares of vines himself, which will bear fruit in 2023. With only 2,000 cases produced annually, the boutique winery offers an exclusive selection of elegant blends of Merlot and Cabernet Franc, boasting soft tannins and fruity aromas that are ready to drink now. <\/p><\/div>\n<\/div>\n<\/div>\n\n\n\n<div class=\"wp-block-uagb-container uagb-block-a1c283b0 alignfull uagb-is-root-container\"><div class=\"uagb-container-inner-blocks-wrap\">\n<div class=\"wp-block-uagb-container uagb-block-3d015a92\">\n<div class=\"wp-block-uagb-info-box uagb-block-b3e28378 uagb-infobox__content-wrap  uagb-infobox-icon-above-title uagb-infobox-image-valign-top\"><div class=\"uagb-ifb-content\"><div class=\"uagb-ifb-image-content\"><img loading=\"lazy\" decoding=\"async\" src=\"http:\/\/brojacwine.com\/wp-content\/uploads\/2023\/03\/HVE.webp\" alt=\"\" width=\"70\" height=\"70\"\/><\/div><div class=\"uagb-ifb-title-wrap\"><h5 class=\"uagb-ifb-title\">Haute Valeur Environnementale<\/h5><\/div><\/div><\/div>\n\n\n\n<div class=\"wp-block-uagb-info-box uagb-block-fc4bd2e6 uagb-infobox__content-wrap  uagb-infobox-icon-above-title uagb-infobox-image-valign-top\"><div class=\"uagb-ifb-content\"><div class=\"uagb-ifb-image-content\"><img loading=\"lazy\" decoding=\"async\" src=\"http:\/\/brojacwine.com\/wp-content\/uploads\/2023\/03\/external-grape-leaves-icongeek26-outline-icongeek26.png\" alt=\"\" width=\"70\" height=\"70\"\/><\/div><div class=\"uagb-ifb-title-wrap\"><h5 class=\"uagb-ifb-title\">4.2 hectares of vineyards<\/h5><\/div><\/div><\/div>\n\n\n\n<div class=\"wp-block-uagb-info-box uagb-block-6b982dfd uagb-infobox__content-wrap  uagb-infobox-icon-above-title uagb-infobox-image-valign-top\"><div class=\"uagb-ifb-content\"><div class=\"uagb-ifb-image-content\"><img loading=\"lazy\" decoding=\"async\" src=\"http:\/\/brojacwine.com\/wp-content\/uploads\/2023\/03\/grape.png\" alt=\"\" width=\"70\" height=\"70\"\/><\/div><div class=\"uagb-ifb-title-wrap\"><h5 class=\"uagb-ifb-title\">Merlot, Cabernet Franc<\/h5><\/div><\/div><\/div>\n<\/div>\n<\/div><\/div>\n\n\n\n<div class=\"wp-block-uagb-container uagb-block-1f397f12 alignfull uagb-is-root-container\"><div class=\"uagb-container-inner-blocks-wrap\">\n<div class=\"wp-block-uagb-advanced-heading uagb-block-676223f6\"><h3 class=\"uagb-heading-text\">Cuv\u00e9e<\/h3><\/div>\n\n\n\n<div class=\"wp-block-uagb-container uagb-block-9daf682a\">\n<div class=\"wp-block-columns is-layout-flex wp-container-core-columns-is-layout-28f84493 wp-block-columns-is-layout-flex\">\n<div class=\"wp-block-column is-layout-flow wp-block-column-is-layout-flow\">\n<div class=\"wp-block-uagb-image uagb-block-a1046638 wp-block-uagb-image--layout-default wp-block-uagb-image--effect-static wp-block-uagb-image--align-center\"><figure class=\"wp-block-uagb-image__figure\"><img loading=\"lazy\" decoding=\"async\" srcset=\"https:\/\/brojacwine.com\/wp-content\/uploads\/2023\/06\/rose_mayat_hi_res-transformed.png \" src=\"https:\/\/brojacwine.com\/wp-content\/uploads\/2023\/06\/rose_mayat_hi_res-transformed.png\" alt=\"\" class=\"uag-image-2923\" width=\"550\" height=\"550\" title=\"\"\/><\/figure><\/div>\n\n\n\n<p class=\"has-text-align-center\"><strong>Ch\u00e2teau La Rose Mayat<\/strong><br>AOP Puisseguin Saint Emilion<\/p>\n<\/div>\n<\/div>\n<\/div>\n<\/div><\/div>\n\n\n\n<p class=\"has-text-align-center\">Veuillez nous contacter pour les prix, les fiches techniques et les demandes d'\u00e9chantillons.<\/p>","protected":false},"excerpt":{"rendered":"<p>Ch\u00e2teau La Rose Mayat AOP Puisseguin Saint Emilion For over 50 years, Fr\u00e9d\u00e9ric Dufour and his family have nurtured Ch\u00e2teau La Rose Mayat&#8217;s 4.2 hectare vineyard in the beautiful village of Puisseguin. Guided by a passion for winemaking, Fr\u00e9d\u00e9ric and his wife V\u00e9ronique took a leap of faith in 1998 and began producing their own &hellip;<\/p>\n<p class=\"read-more\"> <a class=\"\" href=\"https:\/\/brojacwine.com\/fr\/partners\/chateau-la-rose-mayat\/\"> <span class=\"screen-reader-text\">Ch\u00e2teau La Rose Mayat<\/span> Lire la suite\u00a0\u00bb<\/a><\/p>","protected":false},"author":1,"featured_media":0,"parent":1326,"menu_order":0,"comment_status":"closed","ping_status":"closed","template":"","meta":{"content-type":"","om_disable_all_campaigns":false,"_uag_custom_page_level_css":"","_monsterinsights_skip_tracking":false,"_monsterinsights_sitenote_active":false,"_monsterinsights_sitenote_note":"","_monsterinsights_sitenote_category":0,"site-sidebar-layout":"default","site-content-layout":"default","ast-global-header-display":"","ast-main-header-display":"","ast-hfb-above-header-display":"","ast-hfb-below-header-display":"","ast-hfb-mobile-header-display":"","site-post-title":"disabled","ast-breadcrumbs-content":"","ast-featured-img":"","footer-sml-layout":"","theme-transparent-header-meta":"","adv-header-id-meta":"","stick-header-meta":"","header-above-stick-meta":"","header-main-stick-meta":"","header-below-stick-meta":"","_vp_format_video_url":"","_vp_image_focal_point":[],"footnotes":""},"class_list":["post-2823","page","type-page","status-publish","hentry"],"aioseo_notices":[],"uagb_featured_image_src":{"full":false,"thumbnail":false,"medium":false,"medium_large":false,"large":false,"1536x1536":false,"2048x2048":false,"trp-custom-language-flag":false,"vp_sm":false,"vp_md":false,"vp_lg":false,"vp_xl":false,"vp_sm_popup":false,"vp_md_popup":false,"vp_xl_popup":false},"uagb_author_info":{"display_name":"Brojac Wine Alliance","author_link":"https:\/\/brojacwine.com\/fr\/author\/bentejachgmail-com\/"},"uagb_comment_info":0,"uagb_excerpt":"Ch\u00e2teau La Rose Mayat AOP Puisseguin Saint Emilion For over 50 years, Fr\u00e9d\u00e9ric Dufour and his family have nurtured Ch\u00e2teau La Rose Mayat&#8217;s 4.2 hectare vineyard in the beautiful village of Puisseguin. Guided by a passion for winemaking, Fr\u00e9d\u00e9ric and his wife V\u00e9ronique took a leap of faith in 1998 and began producing their own\u2026","_links":{"self":[{"href":"https:\/\/brojacwine.com\/fr\/wp-json\/wp\/v2\/pages\/2823","targetHints":{"allow":["GET"]}}],"collection":[{"href":"https:\/\/brojacwine.com\/fr\/wp-json\/wp\/v2\/pages"}],"about":[{"href":"https:\/\/brojacwine.com\/fr\/wp-json\/wp\/v2\/types\/page"}],"author":[{"embeddable":true,"href":"https:\/\/brojacwine.com\/fr\/wp-json\/wp\/v2\/users\/1"}],"replies":[{"embeddable":true,"href":"https:\/\/brojacwine.com\/fr\/wp-json\/wp\/v2\/comments?post=2823"}],"version-history":[{"count":6,"href":"https:\/\/brojacwine.com\/fr\/wp-json\/wp\/v2\/pages\/2823\/revisions"}],"predecessor-version":[{"id":2926,"href":"https:\/\/brojacwine.com\/fr\/wp-json\/wp\/v2\/pages\/2823\/revisions\/2926"}],"up":[{"embeddable":true,"href":"https:\/\/brojacwine.com\/fr\/wp-json\/wp\/v2\/pages\/1326"}],"wp:attachment":[{"href":"https:\/\/brojacwine.com\/fr\/wp-json\/wp\/v2\/media?parent=2823"}],"curies":[{"name":"wp","href":"https:\/\/api.w.org\/{rel}","templated":true}]}}