{"id":2814,"date":"2023-05-05T08:32:07","date_gmt":"2023-05-05T08:32:07","guid":{"rendered":"https:\/\/brojacwine.com\/?page_id=2814"},"modified":"2023-05-05T08:36:14","modified_gmt":"2023-05-05T08:36:14","slug":"chateau-la-grace-dieu","status":"publish","type":"page","link":"https:\/\/brojacwine.com\/fr\/partners\/chateau-la-grace-dieu\/","title":{"rendered":"Ch\u00e2teau La Gr\u00e2ce Dieu"},"content":{"rendered":"<div class=\"wp-block-uagb-container uagb-block-af27c7d6 alignfull uagb-is-root-container\"><div class=\"uagb-container-inner-blocks-wrap\">\n<div class=\"wp-block-uagb-advanced-heading uagb-block-a96a42c0\"><h1 class=\"uagb-heading-text\">Ch\u00e2teau La Gr\u00e2ce Dieu<\/h1><p class=\"uagb-desc-text\">AOP Saint Emilion Grand Cru<\/p><\/div>\n<\/div><\/div>\n\n\n\n<div class=\"wp-block-uagb-container uagb-block-de621a7a alignfull uagb-is-root-container\"><div class=\"uagb-container-inner-blocks-wrap\">\n<div class=\"wp-block-uagb-container uagb-block-fc0e28f5\">\n<div class=\"wp-block-uagb-advanced-heading uagb-block-7ba09ce9\"><p class=\"uagb-desc-text\">Steeped in Saint Emilion&#8217;s rich religious history, Ch\u00e2teau La Grace Dieu pays homage to the former Priory &#8220;A La Grace de Dieu&#8221;, which was founded by Cistercian monks in the Middle Ages. For centuries, the estate&#8217;s unique terroir has provided the perfect foundation for exceptional grape growing. The Pauty family, who purchased the Ch\u00e2teau in 1945, has upheld its legacy for four generations. Today, sister duo Christine and Val\u00e9rie continue this tradition, producing exquisite wines that rival the best Crus Class\u00e9s.<\/p><\/div>\n<\/div>\n\n\n\n<div class=\"wp-block-uagb-container uagb-block-74b1b20c\">\n<div class=\"wp-block-uagb-image uagb-block-9662f553 wp-block-uagb-image--layout-default wp-block-uagb-image--effect-static wp-block-uagb-image--align-right\"><figure class=\"wp-block-uagb-image__figure\"><img loading=\"lazy\" decoding=\"async\" srcset=\"https:\/\/brojacwine.com\/wp-content\/uploads\/2023\/03\/La-Grace-dieu-1-1024x533.jpeg \" src=\"https:\/\/brojacwine.com\/wp-content\/uploads\/2023\/03\/La-Grace-dieu-1-1024x533.jpeg\" alt=\"The Pauty sisters of La Gr\u00e2ce Dieu\" class=\"uag-image-2533\" width=\"1024\" height=\"533\" title=\"\"\/><\/figure><\/div>\n<\/div>\n<\/div><\/div>\n\n\n\n<div class=\"wp-block-uagb-container uagb-block-49e96fce alignfull uagb-is-root-container\">\n<div class=\"wp-block-uagb-container uagb-block-c8e4fb16\">\n<div class=\"wp-block-uagb-image uagb-block-3ba0f370 wp-block-uagb-image--layout-default wp-block-uagb-image--effect-static wp-block-uagb-image--align-none\"><figure class=\"wp-block-uagb-image__figure\"><img loading=\"lazy\" decoding=\"async\" srcset=\"https:\/\/brojacwine.com\/wp-content\/uploads\/2023\/05\/grace-dieu.jpeg \" src=\"https:\/\/brojacwine.com\/wp-content\/uploads\/2023\/05\/grace-dieu.jpeg\" alt=\"\" class=\"uag-image-2817\" width=\"1024\" height=\"497\" title=\"\"\/><\/figure><\/div>\n<\/div>\n\n\n\n<div class=\"wp-block-uagb-container uagb-block-14973fc7\">\n<div class=\"wp-block-uagb-advanced-heading uagb-block-9dc454c0\"><p class=\"uagb-desc-text\">Ch\u00e2teau L\u00e2 Grace Dieu&#8217;s terroir is a perfect blend of clay and sandy soils, laid over a thick layer of limestone. This family-run estate encompasses 13 hectares, cultivated with sustainable farming practices and hand-harvesting. The iconic blends of Merlot and Cabernet Franc, Ch\u00e2teau La Gr\u00e2ce Dieu and La Fleur du Prieur\u00e9, are the epitome of elegance and finesse. <\/p><\/div>\n<\/div>\n<\/div>\n\n\n\n<div class=\"wp-block-uagb-container uagb-block-74e24fc4 alignfull uagb-is-root-container\"><div class=\"uagb-container-inner-blocks-wrap\">\n<div class=\"wp-block-uagb-container uagb-block-2aa9ab6c\">\n<div class=\"wp-block-uagb-info-box uagb-block-7662ee92 uagb-infobox__content-wrap  uagb-infobox-icon-above-title uagb-infobox-image-valign-top\"><div class=\"uagb-ifb-content\"><div class=\"uagb-ifb-image-content\"><img loading=\"lazy\" decoding=\"async\" src=\"http:\/\/brojacwine.com\/wp-content\/uploads\/2023\/03\/HVE.webp\" alt=\"\" width=\"70\" height=\"70\"\/><\/div><div class=\"uagb-ifb-title-wrap\"><h5 class=\"uagb-ifb-title\">Haute Valeur Environnementale<\/h5><\/div><\/div><\/div>\n\n\n\n<div class=\"wp-block-uagb-info-box uagb-block-7b5b9c1a uagb-infobox__content-wrap  uagb-infobox-icon-above-title uagb-infobox-image-valign-top\"><div class=\"uagb-ifb-content\"><div class=\"uagb-ifb-image-content\"><img loading=\"lazy\" decoding=\"async\" src=\"http:\/\/brojacwine.com\/wp-content\/uploads\/2023\/03\/external-grape-leaves-icongeek26-outline-icongeek26.png\" alt=\"\" width=\"70\" height=\"70\"\/><\/div><div class=\"uagb-ifb-title-wrap\"><h5 class=\"uagb-ifb-title\">13 hectares of vineyards<\/h5><\/div><\/div><\/div>\n\n\n\n<div class=\"wp-block-uagb-info-box uagb-block-3f5f6713 uagb-infobox__content-wrap  uagb-infobox-icon-above-title uagb-infobox-image-valign-top\"><div class=\"uagb-ifb-content\"><div class=\"uagb-ifb-image-content\"><img loading=\"lazy\" decoding=\"async\" src=\"http:\/\/brojacwine.com\/wp-content\/uploads\/2023\/03\/grape.png\" alt=\"\" width=\"70\" height=\"70\"\/><\/div><div class=\"uagb-ifb-title-wrap\"><h5 class=\"uagb-ifb-title\">Merlot, Cabernet Franc<\/h5><\/div><\/div><\/div>\n<\/div>\n<\/div><\/div>\n\n\n\n<div class=\"wp-block-uagb-container uagb-block-4194dba7 alignfull uagb-is-root-container\"><div class=\"uagb-container-inner-blocks-wrap\">\n<div class=\"wp-block-uagb-advanced-heading uagb-block-5d929f10\"><h3 class=\"uagb-heading-text\">Cuv\u00e9es<\/h3><\/div>\n\n\n\n<div class=\"wp-block-uagb-container uagb-block-8c062429\">\n<div class=\"wp-block-columns is-layout-flex wp-container-core-columns-is-layout-28f84493 wp-block-columns-is-layout-flex\">\n<div class=\"wp-block-column is-layout-flow wp-block-column-is-layout-flow\">\n<div class=\"wp-block-uagb-image uagb-block-e299e828 wp-block-uagb-image--layout-default wp-block-uagb-image--effect-static wp-block-uagb-image--align-center\"><figure class=\"wp-block-uagb-image__figure\"><img loading=\"lazy\" decoding=\"async\" srcset=\"https:\/\/brojacwine.com\/wp-content\/uploads\/2023\/05\/chateau-la-grace-dieu.png \" src=\"https:\/\/brojacwine.com\/wp-content\/uploads\/2023\/05\/chateau-la-grace-dieu.png\" alt=\"\" class=\"uag-image-2820\" width=\"195\" height=\"738\" title=\"\"\/><\/figure><\/div>\n\n\n\n<p class=\"has-text-align-center\"><strong>Ch\u00e2teau La Gr\u00e2ce Dieu<br><\/strong>AOP Saint Emilion Grand Cru<\/p>\n<\/div>\n\n\n\n<div class=\"wp-block-column is-layout-flow wp-block-column-is-layout-flow\">\n<div class=\"wp-block-uagb-image uagb-block-c1e81170 wp-block-uagb-image--layout-default wp-block-uagb-image--effect-static wp-block-uagb-image--align-center\"><figure class=\"wp-block-uagb-image__figure\"><img loading=\"lazy\" decoding=\"async\" srcset=\"https:\/\/brojacwine.com\/wp-content\/uploads\/2023\/05\/LF2-transformed-e1683272703775-256x1024.png \" src=\"https:\/\/brojacwine.com\/wp-content\/uploads\/2023\/05\/LF2-transformed-e1683272703775-256x1024.png\" alt=\"\" class=\"uag-image-2819\" width=\"196\" height=\"784\" title=\"\"\/><\/figure><\/div>\n\n\n\n<p class=\"has-text-align-center\"><strong>La Fleur du Prieur\u00e9<br><\/strong>AOP Saint Emilion<\/p>\n<\/div>\n<\/div>\n<\/div>\n<\/div><\/div>\n\n\n\n<p class=\"has-text-align-center\">Veuillez nous contacter pour les prix, les fiches techniques et les demandes d'\u00e9chantillons.<\/p>","protected":false},"excerpt":{"rendered":"<p>Ch\u00e2teau La Gr\u00e2ce Dieu AOP Saint Emilion Grand Cru Steeped in Saint Emilion&#8217;s rich religious history, Ch\u00e2teau La Grace Dieu pays homage to the former Priory &#8220;A La Grace de Dieu&#8221;, which was founded by Cistercian monks in the Middle Ages. For centuries, the estate&#8217;s unique terroir has provided the perfect foundation for exceptional grape &hellip;<\/p>\n<p class=\"read-more\"> <a class=\"\" href=\"https:\/\/brojacwine.com\/fr\/partners\/chateau-la-grace-dieu\/\"> <span class=\"screen-reader-text\">Ch\u00e2teau La Gr\u00e2ce Dieu<\/span> Lire la suite\u00a0\u00bb<\/a><\/p>","protected":false},"author":1,"featured_media":0,"parent":1326,"menu_order":0,"comment_status":"closed","ping_status":"closed","template":"","meta":{"content-type":"","om_disable_all_campaigns":false,"_uag_custom_page_level_css":"","_monsterinsights_skip_tracking":false,"_monsterinsights_sitenote_active":false,"_monsterinsights_sitenote_note":"","_monsterinsights_sitenote_category":0,"site-sidebar-layout":"default","site-content-layout":"default","ast-global-header-display":"","ast-main-header-display":"","ast-hfb-above-header-display":"","ast-hfb-below-header-display":"","ast-hfb-mobile-header-display":"","site-post-title":"disabled","ast-breadcrumbs-content":"","ast-featured-img":"","footer-sml-layout":"","theme-transparent-header-meta":"","adv-header-id-meta":"","stick-header-meta":"","header-above-stick-meta":"","header-main-stick-meta":"","header-below-stick-meta":"","_vp_format_video_url":"","_vp_image_focal_point":[],"footnotes":""},"class_list":["post-2814","page","type-page","status-publish","hentry"],"aioseo_notices":[],"uagb_featured_image_src":{"full":false,"thumbnail":false,"medium":false,"medium_large":false,"large":false,"1536x1536":false,"2048x2048":false,"trp-custom-language-flag":false,"vp_sm":false,"vp_md":false,"vp_lg":false,"vp_xl":false,"vp_sm_popup":false,"vp_md_popup":false,"vp_xl_popup":false},"uagb_author_info":{"display_name":"Brojac Wine Alliance","author_link":"https:\/\/brojacwine.com\/fr\/author\/bentejachgmail-com\/"},"uagb_comment_info":0,"uagb_excerpt":"Ch\u00e2teau La Gr\u00e2ce Dieu AOP Saint Emilion Grand Cru Steeped in Saint Emilion&#8217;s rich religious history, Ch\u00e2teau La Grace Dieu pays homage to the former Priory &#8220;A La Grace de Dieu&#8221;, which was founded by Cistercian monks in the Middle Ages. For centuries, the estate&#8217;s unique terroir has provided the perfect foundation for exceptional grape\u2026","_links":{"self":[{"href":"https:\/\/brojacwine.com\/fr\/wp-json\/wp\/v2\/pages\/2814","targetHints":{"allow":["GET"]}}],"collection":[{"href":"https:\/\/brojacwine.com\/fr\/wp-json\/wp\/v2\/pages"}],"about":[{"href":"https:\/\/brojacwine.com\/fr\/wp-json\/wp\/v2\/types\/page"}],"author":[{"embeddable":true,"href":"https:\/\/brojacwine.com\/fr\/wp-json\/wp\/v2\/users\/1"}],"replies":[{"embeddable":true,"href":"https:\/\/brojacwine.com\/fr\/wp-json\/wp\/v2\/comments?post=2814"}],"version-history":[{"count":3,"href":"https:\/\/brojacwine.com\/fr\/wp-json\/wp\/v2\/pages\/2814\/revisions"}],"predecessor-version":[{"id":3020,"href":"https:\/\/brojacwine.com\/fr\/wp-json\/wp\/v2\/pages\/2814\/revisions\/3020"}],"up":[{"embeddable":true,"href":"https:\/\/brojacwine.com\/fr\/wp-json\/wp\/v2\/pages\/1326"}],"wp:attachment":[{"href":"https:\/\/brojacwine.com\/fr\/wp-json\/wp\/v2\/media?parent=2814"}],"curies":[{"name":"wp","href":"https:\/\/api.w.org\/{rel}","templated":true}]}}