{"id":2760,"date":"2023-05-04T09:16:35","date_gmt":"2023-05-04T09:16:35","guid":{"rendered":"https:\/\/brojacwine.com\/?page_id=2760"},"modified":"2023-05-04T13:35:03","modified_gmt":"2023-05-04T13:35:03","slug":"chateau-alta-gaia","status":"publish","type":"page","link":"https:\/\/brojacwine.com\/fr\/partners\/chateau-alta-gaia\/","title":{"rendered":"Ch\u00e2teau Alta Ga\u00efa &#8211; Bordeaux Sup\u00e9rieur"},"content":{"rendered":"<div class=\"wp-block-uagb-container uagb-block-571beb36 alignfull uagb-is-root-container\"><div class=\"uagb-container-inner-blocks-wrap\">\n<div class=\"wp-block-uagb-advanced-heading uagb-block-687b86dd\"><h1 class=\"uagb-heading-text\">Ch\u00e2teau Alta Ga\u00efa<\/h1><p class=\"uagb-desc-text\">AOP Bordeaux Sup\u00e9rieur<\/p><\/div>\n<\/div><\/div>\n\n\n\n<div class=\"wp-block-uagb-container uagb-block-bf91ad95 alignfull uagb-is-root-container\"><div class=\"uagb-container-inner-blocks-wrap\">\n<div class=\"wp-block-uagb-container uagb-block-02e09176\">\n<div class=\"wp-block-uagb-advanced-heading uagb-block-908a67aa\"><p class=\"uagb-desc-text\">Ch\u00e2teau Alta Ga\u00efa n'est pas seulement un domaine viticole, c'est une affaire de famille. La famille Mallemanche g\u00e8re le domaine depuis plus de deux d\u00e9cennies, avec Didier et Christine \u00e0 la barre et leurs enfants Estelle et Lo\u00efc qui ont rejoint en 2019. Leur d\u00e9vouement pour cr\u00e9er des vins de classe mondiale est \u00e9vident dans tous les aspects de leur processus, de la vigne \u00e0 la bouteille. Leur dernier projet repousse les limites de l'appellation Bordeaux : un ros\u00e9 de style proven\u00e7al \u00e9labor\u00e9 \u00e0 partir de Syrah et de Grenache.<\/p><\/div>\n<\/div>\n\n\n\n<div class=\"wp-block-uagb-container uagb-block-6ae522bf\">\n<div class=\"wp-block-uagb-image uagb-block-de6b70f3 wp-block-uagb-image--layout-default wp-block-uagb-image--effect-static wp-block-uagb-image--align-right\"><figure class=\"wp-block-uagb-image__figure\"><img loading=\"lazy\" decoding=\"async\" srcset=\"https:\/\/brojacwine.com\/wp-content\/uploads\/2023\/05\/Alta-Gaia-1.jpg \" src=\"https:\/\/brojacwine.com\/wp-content\/uploads\/2023\/05\/Alta-Gaia-1.jpg\" alt=\"\" class=\"uag-image-2767\" width=\"1024\" height=\"497\" title=\"\"\/><\/figure><\/div>\n<\/div>\n<\/div><\/div>\n\n\n\n<div class=\"wp-block-uagb-container uagb-block-d1f4d948 alignfull uagb-is-root-container\">\n<div class=\"wp-block-uagb-container uagb-block-f8ad3686\">\n<div class=\"wp-block-uagb-image uagb-block-7deb1e97 wp-block-uagb-image--layout-default wp-block-uagb-image--effect-static wp-block-uagb-image--align-none\"><figure class=\"wp-block-uagb-image__figure\"><img loading=\"lazy\" decoding=\"async\" srcset=\"https:\/\/brojacwine.com\/wp-content\/uploads\/2023\/05\/Alta-Gaia-2.jpg \" src=\"https:\/\/brojacwine.com\/wp-content\/uploads\/2023\/05\/Alta-Gaia-2.jpg\" alt=\"\" class=\"uag-image-2769\" width=\"1024\" height=\"497\" title=\"\"\/><\/figure><\/div>\n<\/div>\n\n\n\n<div class=\"wp-block-uagb-container uagb-block-f08714bb\">\n<div class=\"wp-block-uagb-advanced-heading uagb-block-ec4c0f89\"><p class=\"uagb-desc-text\">L'engagement de la famille Mallemanche va au-del\u00e0 de la production de vins exceptionnels. Ils sont d\u00e9vou\u00e9s aux pratiques durables et respectueuses de l'environnement, en utilisant des techniques de viticulture biologique et en ayant la certification HVE de niveau 3. Au Ch\u00e2teau Alta Ga\u00efa, ils comprennent que le vin de qualit\u00e9 sup\u00e9rieure ne d\u00e9pend pas seulement de ce qui se trouve dans la bouteille, mais aussi de la mani\u00e8re dont il est produit.<\/p><\/div>\n<\/div>\n<\/div>\n\n\n\n<div class=\"wp-block-uagb-container uagb-block-c6275fe8 alignfull uagb-is-root-container\"><div class=\"uagb-container-inner-blocks-wrap\">\n<div class=\"wp-block-uagb-container uagb-block-f6b24383\">\n<div class=\"wp-block-uagb-info-box uagb-block-19878073 uagb-infobox__content-wrap  uagb-infobox-icon-above-title uagb-infobox-image-valign-top\"><div class=\"uagb-ifb-content\"><div class=\"uagb-ifb-image-content\"><img loading=\"lazy\" decoding=\"async\" src=\"http:\/\/brojacwine.com\/wp-content\/uploads\/2023\/03\/HVE.webp\" alt=\"\" width=\"70\" height=\"70\"\/><\/div><div class=\"uagb-ifb-title-wrap\"><h5 class=\"uagb-ifb-title\">Haute Valeur Environnementale<\/h5><\/div><\/div><\/div>\n\n\n\n<div class=\"wp-block-uagb-info-box uagb-block-3892fe1d uagb-infobox__content-wrap  uagb-infobox-icon-above-title uagb-infobox-image-valign-top\"><div class=\"uagb-ifb-content\"><div class=\"uagb-ifb-image-content\"><img loading=\"lazy\" decoding=\"async\" src=\"http:\/\/brojacwine.com\/wp-content\/uploads\/2023\/03\/external-grape-leaves-icongeek26-outline-icongeek26.png\" alt=\"\" width=\"70\" height=\"70\"\/><\/div><div class=\"uagb-ifb-title-wrap\"><h5 class=\"uagb-ifb-title\">30 hectares de vignes<\/h5><\/div><\/div><\/div>\n\n\n\n<div class=\"wp-block-uagb-info-box uagb-block-c70e86bd uagb-infobox__content-wrap  uagb-infobox-icon-above-title uagb-infobox-image-valign-top\"><div class=\"uagb-ifb-content\"><div class=\"uagb-ifb-image-content\"><img loading=\"lazy\" decoding=\"async\" src=\"http:\/\/brojacwine.com\/wp-content\/uploads\/2023\/03\/grape.png\" alt=\"\" width=\"70\" height=\"70\"\/><\/div><div class=\"uagb-ifb-title-wrap\"><h5 class=\"uagb-ifb-title\">Merlot, Cabernet Franc, Cabernet Sauvignon, Sauvignon blanc, Sauvignon gris, Grenache, et Syrah<\/h5><\/div><\/div><\/div>\n<\/div>\n<\/div><\/div>\n\n\n\n<div class=\"wp-block-uagb-container uagb-block-697b7a9e alignfull uagb-is-root-container\"><div class=\"uagb-container-inner-blocks-wrap\">\n<div class=\"wp-block-uagb-advanced-heading uagb-block-fcb2fc7b\"><h3 class=\"uagb-heading-text\">Cuv\u00e9es<\/h3><\/div>\n\n\n\n<div class=\"wp-block-uagb-container uagb-block-6fcc5b09\">\n<div class=\"wp-block-columns is-layout-flex wp-container-core-columns-is-layout-28f84493 wp-block-columns-is-layout-flex\">\n<div class=\"wp-block-column is-layout-flow wp-block-column-is-layout-flow\">\n<div class=\"wp-block-uagb-image uagb-block-838c68b2 wp-block-uagb-image--layout-default wp-block-uagb-image--effect-static wp-block-uagb-image--align-none\"><figure class=\"wp-block-uagb-image__figure\"><img loading=\"lazy\" decoding=\"async\" srcset=\"https:\/\/brojacwine.com\/wp-content\/uploads\/2023\/05\/BLLE_ALTA_GAIA_ROUGE_CONIQUE_-_0040183-removebg-preview-e1683190146323.png \" src=\"https:\/\/brojacwine.com\/wp-content\/uploads\/2023\/05\/BLLE_ALTA_GAIA_ROUGE_CONIQUE_-_0040183-removebg-preview-e1683190146323.png\" alt=\"\" class=\"uag-image-2764\" width=\"202\" height=\"736\" title=\"\"\/><\/figure><\/div>\n\n\n\n<p class=\"has-text-align-center\"><strong>Ch\u00e2teau Alta Ga\u00efa<\/strong><br>AOP Bordeaux Sup\u00e9rieur<\/p>\n<\/div>\n\n\n\n<div class=\"wp-block-column is-layout-flow wp-block-column-is-layout-flow\">\n<div class=\"wp-block-uagb-image uagb-block-69966a0a wp-block-uagb-image--layout-default wp-block-uagb-image--effect-static wp-block-uagb-image--align-none\"><figure class=\"wp-block-uagb-image__figure\"><img loading=\"lazy\" decoding=\"async\" srcset=\"https:\/\/brojacwine.com\/wp-content\/uploads\/2023\/05\/BLLE_N__2_ALTA_GAIA_Rouge_-removebg-preview-e1683190179827.png \" src=\"https:\/\/brojacwine.com\/wp-content\/uploads\/2023\/05\/BLLE_N__2_ALTA_GAIA_Rouge_-removebg-preview-e1683190179827.png\" alt=\"\" class=\"uag-image-2765\" width=\"195\" height=\"738\" title=\"\"\/><\/figure><\/div>\n\n\n\n<p class=\"has-text-align-center\"><strong>N\u00b02 Alta Ga\u00efa<br><\/strong>AOP Bordeaux Sup\u00e9rieur<\/p>\n<\/div>\n\n\n\n<div class=\"wp-block-column is-layout-flow wp-block-column-is-layout-flow\">\n<div class=\"wp-block-uagb-image uagb-block-dc54cff3 wp-block-uagb-image--layout-default wp-block-uagb-image--effect-static wp-block-uagb-image--align-none\"><figure class=\"wp-block-uagb-image__figure\"><img loading=\"lazy\" decoding=\"async\" srcset=\"https:\/\/brojacwine.com\/wp-content\/uploads\/2023\/05\/BLLE__chene__ALTA_GAIA_Blanc-removebg-preview-e1683190206895.png \" src=\"https:\/\/brojacwine.com\/wp-content\/uploads\/2023\/05\/BLLE__chene__ALTA_GAIA_Blanc-removebg-preview-e1683190206895.png\" alt=\"\" class=\"uag-image-2763\" width=\"195\" height=\"740\" title=\"\"\/><\/figure><\/div>\n\n\n\n<p class=\"has-text-align-center\"><strong>Ch\u00e2teau Alta Ga\u00efa<br><\/strong>AOP Bordeaux Blanc<\/p>\n<\/div>\n\n\n\n<div class=\"wp-block-column is-layout-flow wp-block-column-is-layout-flow\">\n<div class=\"wp-block-uagb-image uagb-block-bc9f9aed wp-block-uagb-image--layout-default wp-block-uagb-image--effect-static wp-block-uagb-image--align-none\"><figure class=\"wp-block-uagb-image__figure\"><img loading=\"lazy\" decoding=\"async\" srcset=\"https:\/\/brojacwine.com\/wp-content\/uploads\/2023\/05\/KINGLY_ROSE_-removebg-preview-e1683190118475.png \" src=\"https:\/\/brojacwine.com\/wp-content\/uploads\/2023\/05\/KINGLY_ROSE_-removebg-preview-e1683190118475.png\" alt=\"\" class=\"uag-image-2766\" width=\"194\" height=\"740\" title=\"\"\/><\/figure><\/div>\n\n\n\n<p class=\"has-text-align-center\"><strong>Kingly Ros\u00e9<br><\/strong>Vin de France<\/p>\n<\/div>\n<\/div>\n<\/div>\n<\/div><\/div>\n\n\n\n<p class=\"has-text-align-center\">Veuillez nous contacter pour les prix, les fiches techniques et les demandes d'\u00e9chantillons.<\/p>","protected":false},"excerpt":{"rendered":"<p>Ch\u00e2teau Alta Ga\u00efa AOP Bordeaux Sup\u00e9rieur Ch\u00e2teau Alta Ga\u00efa is not just a winery, it&#8217;s a family affair. The Mallemanches have been managing the estate for over two decades, with Didier and Christine at the helm and their children Estelle and Lo\u00efc joining in 2019. Their dedication to crafting world-class wines is evident in every &hellip;<\/p>\n<p class=\"read-more\"> <a class=\"\" href=\"https:\/\/brojacwine.com\/fr\/partners\/chateau-alta-gaia\/\"> <span class=\"screen-reader-text\">Ch\u00e2teau Alta Ga\u00efa &#8211; Bordeaux Sup\u00e9rieur<\/span> Lire la suite\u00a0\u00bb<\/a><\/p>","protected":false},"author":1,"featured_media":0,"parent":1326,"menu_order":1,"comment_status":"closed","ping_status":"closed","template":"","meta":{"content-type":"","om_disable_all_campaigns":false,"_uag_custom_page_level_css":"","_monsterinsights_skip_tracking":false,"_monsterinsights_sitenote_active":false,"_monsterinsights_sitenote_note":"","_monsterinsights_sitenote_category":0,"site-sidebar-layout":"default","site-content-layout":"default","ast-global-header-display":"","ast-main-header-display":"","ast-hfb-above-header-display":"","ast-hfb-below-header-display":"","ast-hfb-mobile-header-display":"","site-post-title":"disabled","ast-breadcrumbs-content":"","ast-featured-img":"","footer-sml-layout":"","theme-transparent-header-meta":"","adv-header-id-meta":"","stick-header-meta":"","header-above-stick-meta":"","header-main-stick-meta":"","header-below-stick-meta":"","_vp_format_video_url":"","_vp_image_focal_point":[],"footnotes":""},"class_list":["post-2760","page","type-page","status-publish","hentry"],"aioseo_notices":[],"uagb_featured_image_src":{"full":false,"thumbnail":false,"medium":false,"medium_large":false,"large":false,"1536x1536":false,"2048x2048":false,"trp-custom-language-flag":false,"vp_sm":false,"vp_md":false,"vp_lg":false,"vp_xl":false,"vp_sm_popup":false,"vp_md_popup":false,"vp_xl_popup":false},"uagb_author_info":{"display_name":"Brojac Wine Alliance","author_link":"https:\/\/brojacwine.com\/fr\/author\/bentejachgmail-com\/"},"uagb_comment_info":0,"uagb_excerpt":"Ch\u00e2teau Alta Ga\u00efa AOP Bordeaux Sup\u00e9rieur Ch\u00e2teau Alta Ga\u00efa is not just a winery, it&#8217;s a family affair. The Mallemanches have been managing the estate for over two decades, with Didier and Christine at the helm and their children Estelle and Lo\u00efc joining in 2019. Their dedication to crafting world-class wines is evident in every\u2026","_links":{"self":[{"href":"https:\/\/brojacwine.com\/fr\/wp-json\/wp\/v2\/pages\/2760","targetHints":{"allow":["GET"]}}],"collection":[{"href":"https:\/\/brojacwine.com\/fr\/wp-json\/wp\/v2\/pages"}],"about":[{"href":"https:\/\/brojacwine.com\/fr\/wp-json\/wp\/v2\/types\/page"}],"author":[{"embeddable":true,"href":"https:\/\/brojacwine.com\/fr\/wp-json\/wp\/v2\/users\/1"}],"replies":[{"embeddable":true,"href":"https:\/\/brojacwine.com\/fr\/wp-json\/wp\/v2\/comments?post=2760"}],"version-history":[{"count":8,"href":"https:\/\/brojacwine.com\/fr\/wp-json\/wp\/v2\/pages\/2760\/revisions"}],"predecessor-version":[{"id":2815,"href":"https:\/\/brojacwine.com\/fr\/wp-json\/wp\/v2\/pages\/2760\/revisions\/2815"}],"up":[{"embeddable":true,"href":"https:\/\/brojacwine.com\/fr\/wp-json\/wp\/v2\/pages\/1326"}],"wp:attachment":[{"href":"https:\/\/brojacwine.com\/fr\/wp-json\/wp\/v2\/media?parent=2760"}],"curies":[{"name":"wp","href":"https:\/\/api.w.org\/{rel}","templated":true}]}}