{"id":2595,"date":"2023-03-28T14:20:22","date_gmt":"2023-03-28T14:20:22","guid":{"rendered":"https:\/\/brojacwine.com\/?page_id=2595"},"modified":"2023-05-04T13:39:30","modified_gmt":"2023-05-04T13:39:30","slug":"labranne","status":"publish","type":"page","link":"https:\/\/brojacwine.com\/fr\/partners\/labranne\/","title":{"rendered":"Ch\u00e2teau La Branne"},"content":{"rendered":"<div class=\"wp-block-uagb-container uagb-block-fb9ab0d1 alignfull uagb-is-root-container\"><div class=\"uagb-container-inner-blocks-wrap\">\n<div class=\"wp-block-uagb-advanced-heading uagb-block-e331bca2\"><h1 class=\"uagb-heading-text\">Ch\u00e2teau La Branne<\/h1><p class=\"uagb-desc-text\">AOP M\u00e9doc Cru Bourgeois Sup\u00e9rieur<\/p><\/div>\n<\/div><\/div>\n\n\n\n<div class=\"wp-block-uagb-container uagb-block-05824581 alignfull uagb-is-root-container\"><div class=\"uagb-container-inner-blocks-wrap\">\n<div class=\"wp-block-uagb-container uagb-block-6bebb761\">\n<div class=\"wp-block-uagb-advanced-heading uagb-block-82048e9c\"><p class=\"uagb-desc-text\">Ch\u00e2teau La Branne est une propri\u00e9t\u00e9 familiale dynamique qui a connu une croissance et une \u00e9volution pendant plus de 35 ans. En 1986, Philippe Videau, un vigneron passionn\u00e9, a r\u00e9alis\u00e9 son r\u00eave de toute une vie en redonnant vie \u00e0 la petite propri\u00e9t\u00e9 familiale de 2 hectares. Avec un fort sens de la d\u00e9termination et un engagement ind\u00e9fectible envers l'excellence, Philippe s'est lanc\u00e9 dans la production de vins de la plus haute qualit\u00e9 qui refl\u00e8tent le terroir unique de la presqu'\u00eele du M\u00e9doc.<\/p><\/div>\n<\/div>\n\n\n\n<div class=\"wp-block-uagb-container uagb-block-c5edfea8\">\n<div class=\"wp-block-uagb-image uagb-block-517ac108 wp-block-uagb-image--layout-default wp-block-uagb-image--effect-static wp-block-uagb-image--align-right\"><figure class=\"wp-block-uagb-image__figure\"><img decoding=\"async\" srcset=\"https:\/\/brojacwine.com\/wp-content\/uploads\/2023\/03\/Chateau-La-Branne-family-Videau-2.jpeg \" src=\"https:\/\/brojacwine.com\/wp-content\/uploads\/2023\/03\/Chateau-La-Branne-family-Videau-2.jpeg\" alt=\"\" class=\"uag-image-2613\" width=\"\" height=\"\" title=\"\" loading=\"lazy\"\/><\/figure><\/div>\n<\/div>\n<\/div><\/div>\n\n\n\n<div class=\"wp-block-uagb-container uagb-block-e1ec1f7f alignfull uagb-is-root-container\">\n<div class=\"wp-block-uagb-container uagb-block-adae23e7\">\n<div class=\"wp-block-uagb-image uagb-block-4550c674 wp-block-uagb-image--layout-default wp-block-uagb-image--effect-static wp-block-uagb-image--align-none\"><figure class=\"wp-block-uagb-image__figure\"><img decoding=\"async\" srcset=\"https:\/\/brojacwine.com\/wp-content\/uploads\/2023\/03\/La-Branne-site-3-3.jpeg \" src=\"https:\/\/brojacwine.com\/wp-content\/uploads\/2023\/03\/La-Branne-site-3-3.jpeg\" alt=\"\" class=\"uag-image-2614\" width=\"\" height=\"\" title=\"\" loading=\"lazy\"\/><\/figure><\/div>\n<\/div>\n\n\n\n<div class=\"wp-block-uagb-container uagb-block-6f1c4e2b\">\n<div class=\"wp-block-uagb-advanced-heading uagb-block-518d7197\"><p class=\"uagb-desc-text\">Au fil des ann\u00e9es, le Ch\u00e2teau La Branne s'est consid\u00e9rablement agrandi et compte maintenant 30 hectares de sols divers en argile, gravier et calcaire. Les vignobles de la propri\u00e9t\u00e9 sont situ\u00e9s au c\u0153ur du M\u00e9doc, une r\u00e9gion renomm\u00e9e pour produire certains des meilleurs vins du monde. Ce paysage pittoresque offre un environnement id\u00e9al pour cultiver des raisins d'une qualit\u00e9 exceptionnelle, qui sont soigneusement entretenus par la famille Videau.<\/p><\/div>\n<\/div>\n<\/div>\n\n\n\n<div class=\"wp-block-uagb-container uagb-block-353c3073 alignfull uagb-is-root-container\"><div class=\"uagb-container-inner-blocks-wrap\">\n<div class=\"wp-block-uagb-container uagb-block-8ff53e08\">\n<div class=\"wp-block-uagb-info-box uagb-block-b361a49a uagb-infobox__content-wrap  uagb-infobox-icon-above-title uagb-infobox-image-valign-top\"><div class=\"uagb-ifb-content\"><div class=\"uagb-ifb-image-content\"><img loading=\"lazy\" decoding=\"async\" src=\"http:\/\/brojacwine.com\/wp-content\/uploads\/2023\/03\/HVE.webp\" alt=\"\" width=\"70\" height=\"70\"\/><\/div><div class=\"uagb-ifb-title-wrap\"><h5 class=\"uagb-ifb-title\">Haute Valeur Environnementale<\/h5><\/div><\/div><\/div>\n\n\n\n<div class=\"wp-block-uagb-info-box uagb-block-840dbfbf uagb-infobox__content-wrap  uagb-infobox-icon-above-title uagb-infobox-image-valign-top\"><div class=\"uagb-ifb-content\"><div class=\"uagb-ifb-image-content\"><img loading=\"lazy\" decoding=\"async\" src=\"http:\/\/brojacwine.com\/wp-content\/uploads\/2023\/03\/external-grape-leaves-icongeek26-outline-icongeek26.png\" alt=\"\" width=\"70\" height=\"70\"\/><\/div><div class=\"uagb-ifb-title-wrap\"><h5 class=\"uagb-ifb-title\">30 hectares de vignes<\/h5><\/div><\/div><\/div>\n\n\n\n<div class=\"wp-block-uagb-info-box uagb-block-fbef57c2 uagb-infobox__content-wrap  uagb-infobox-icon-above-title uagb-infobox-image-valign-top\"><div class=\"uagb-ifb-content\"><div class=\"uagb-ifb-image-content\"><img loading=\"lazy\" decoding=\"async\" src=\"http:\/\/brojacwine.com\/wp-content\/uploads\/2023\/03\/grape.png\" alt=\"\" width=\"72\" height=\"72\"\/><\/div><div class=\"uagb-ifb-title-wrap\"><h5 class=\"uagb-ifb-title\">Merlot, Cabernet Sauvignon, Petit Verdot<\/h5><\/div><\/div><\/div>\n<\/div>\n<\/div><\/div>\n\n\n\n<div class=\"wp-block-uagb-container uagb-block-8bbc3d3c alignfull uagb-is-root-container\"><div class=\"uagb-container-inner-blocks-wrap\">\n<div class=\"wp-block-uagb-advanced-heading uagb-block-46d383e2\"><h3 class=\"uagb-heading-text\">Cuv\u00e9es<\/h3><\/div>\n\n\n\n<div class=\"wp-block-uagb-container uagb-block-97da838a\">\n<div class=\"wp-block-columns is-layout-flex wp-container-core-columns-is-layout-28f84493 wp-block-columns-is-layout-flex\">\n<div class=\"wp-block-column is-layout-flow wp-block-column-is-layout-flow\">\n<div class=\"wp-block-uagb-image uagb-block-8b44b300 wp-block-uagb-image--layout-default wp-block-uagb-image--effect-static wp-block-uagb-image--align-center\"><figure class=\"wp-block-uagb-image__figure\"><img decoding=\"async\" srcset=\"https:\/\/brojacwine.com\/wp-content\/uploads\/2023\/03\/b-de-branne-removebg-preview-e1680012534735.png \" src=\"https:\/\/brojacwine.com\/wp-content\/uploads\/2023\/03\/b-de-branne-removebg-preview-e1680012534735.png\" alt=\"\" class=\"uag-image-2626\" width=\"\" height=\"\" title=\"\" loading=\"lazy\"\/><\/figure><\/div>\n\n\n\n<p class=\"has-text-align-center\"><strong>B&#8230; de la Branne<\/strong><br>AOP M\u00e9doc<\/p>\n<\/div>\n\n\n\n<div class=\"wp-block-column is-layout-flow wp-block-column-is-layout-flow\">\n<div class=\"wp-block-uagb-image uagb-block-49e9f566 wp-block-uagb-image--layout-default wp-block-uagb-image--effect-static wp-block-uagb-image--align-center\"><figure class=\"wp-block-uagb-image__figure\"><img loading=\"lazy\" decoding=\"async\" srcset=\"https:\/\/brojacwine.com\/wp-content\/uploads\/2023\/03\/chateau-la-branne-2018-removebg-preview-e1680012627795.png \" src=\"https:\/\/brojacwine.com\/wp-content\/uploads\/2023\/03\/chateau-la-branne-2018-removebg-preview-e1680012627795.png\" alt=\"\" class=\"uag-image-2627\" width=\"135\" height=\"552\" title=\"\"\/><\/figure><\/div>\n\n\n\n<p class=\"has-text-align-center\"><strong>Ch\u00e2teau La Branne<br><\/strong>AOP M\u00e9doc<br>Cru Bourgeois Sup\u00e9rieur<\/p>\n<\/div>\n\n\n\n<div class=\"wp-block-column is-layout-flow wp-block-column-is-layout-flow\">\n<div class=\"wp-block-uagb-image uagb-block-02dddb76 wp-block-uagb-image--layout-default wp-block-uagb-image--effect-static wp-block-uagb-image--align-center\"><figure class=\"wp-block-uagb-image__figure\"><img decoding=\"async\" srcset=\"https:\/\/brojacwine.com\/wp-content\/uploads\/2023\/03\/vincent-soufre-de-la-branne-removebg-preview-e1680012562820.png \" src=\"https:\/\/brojacwine.com\/wp-content\/uploads\/2023\/03\/vincent-soufre-de-la-branne-removebg-preview-e1680012562820.png\" alt=\"\" class=\"uag-image-2628\" width=\"\" height=\"\" title=\"\" loading=\"lazy\"\/><\/figure><\/div>\n\n\n\n<p class=\"has-text-align-center\"><strong>Vincent Soufre<\/strong><br>AOP M\u00e9doc<br>Vin sans soufres<\/p>\n<\/div>\n<\/div>\n<\/div>\n<\/div><\/div>\n\n\n\n<p class=\"has-text-align-center\">Veuillez nous contacter pour les prix, les fiches techniques et les demandes d'\u00e9chantillons.<\/p>","protected":false},"excerpt":{"rendered":"<p>Ch\u00e2teau La Branne AOP M\u00e9doc Cru Bourgeois Sup\u00e9rieur Ch\u00e2teau La Branne is a dynamic family estate that has been growing and evolving for over 35 years. Back in 1986, Philippe Videau, a passionate winemaker, realized his lifelong dream by reviving his family&#8217;s small 2-hectare estate. With a strong sense of determination and an unwavering commitment &hellip;<\/p>\n<p class=\"read-more\"> <a class=\"\" href=\"https:\/\/brojacwine.com\/fr\/partners\/labranne\/\"> <span class=\"screen-reader-text\">Ch\u00e2teau La Branne<\/span> Lire la suite\u00a0\u00bb<\/a><\/p>","protected":false},"author":1,"featured_media":0,"parent":1326,"menu_order":0,"comment_status":"closed","ping_status":"closed","template":"","meta":{"content-type":"","om_disable_all_campaigns":false,"_uag_custom_page_level_css":"","_monsterinsights_skip_tracking":false,"_monsterinsights_sitenote_active":false,"_monsterinsights_sitenote_note":"","_monsterinsights_sitenote_category":0,"site-sidebar-layout":"default","site-content-layout":"default","ast-global-header-display":"","ast-main-header-display":"","ast-hfb-above-header-display":"","ast-hfb-below-header-display":"","ast-hfb-mobile-header-display":"","site-post-title":"disabled","ast-breadcrumbs-content":"","ast-featured-img":"","footer-sml-layout":"","theme-transparent-header-meta":"","adv-header-id-meta":"","stick-header-meta":"","header-above-stick-meta":"","header-main-stick-meta":"","header-below-stick-meta":"","_vp_format_video_url":"","_vp_image_focal_point":[],"footnotes":""},"class_list":["post-2595","page","type-page","status-publish","hentry"],"aioseo_notices":[],"uagb_featured_image_src":{"full":false,"thumbnail":false,"medium":false,"medium_large":false,"large":false,"1536x1536":false,"2048x2048":false,"trp-custom-language-flag":false,"vp_sm":false,"vp_md":false,"vp_lg":false,"vp_xl":false,"vp_sm_popup":false,"vp_md_popup":false,"vp_xl_popup":false},"uagb_author_info":{"display_name":"Brojac Wine Alliance","author_link":"https:\/\/brojacwine.com\/fr\/author\/bentejachgmail-com\/"},"uagb_comment_info":0,"uagb_excerpt":"Ch\u00e2teau La Branne AOP M\u00e9doc Cru Bourgeois Sup\u00e9rieur Ch\u00e2teau La Branne is a dynamic family estate that has been growing and evolving for over 35 years. Back in 1986, Philippe Videau, a passionate winemaker, realized his lifelong dream by reviving his family&#8217;s small 2-hectare estate. With a strong sense of determination and an unwavering commitment\u2026","_links":{"self":[{"href":"https:\/\/brojacwine.com\/fr\/wp-json\/wp\/v2\/pages\/2595","targetHints":{"allow":["GET"]}}],"collection":[{"href":"https:\/\/brojacwine.com\/fr\/wp-json\/wp\/v2\/pages"}],"about":[{"href":"https:\/\/brojacwine.com\/fr\/wp-json\/wp\/v2\/types\/page"}],"author":[{"embeddable":true,"href":"https:\/\/brojacwine.com\/fr\/wp-json\/wp\/v2\/users\/1"}],"replies":[{"embeddable":true,"href":"https:\/\/brojacwine.com\/fr\/wp-json\/wp\/v2\/comments?post=2595"}],"version-history":[{"count":14,"href":"https:\/\/brojacwine.com\/fr\/wp-json\/wp\/v2\/pages\/2595\/revisions"}],"predecessor-version":[{"id":2811,"href":"https:\/\/brojacwine.com\/fr\/wp-json\/wp\/v2\/pages\/2595\/revisions\/2811"}],"up":[{"embeddable":true,"href":"https:\/\/brojacwine.com\/fr\/wp-json\/wp\/v2\/pages\/1326"}],"wp:attachment":[{"href":"https:\/\/brojacwine.com\/fr\/wp-json\/wp\/v2\/media?parent=2595"}],"curies":[{"name":"wp","href":"https:\/\/api.w.org\/{rel}","templated":true}]}}